{"id":775,"date":"2025-11-20T00:47:49","date_gmt":"2025-11-19T17:47:49","guid":{"rendered":"https:\/\/maison1929hanoi.com\/private-party\/"},"modified":"2025-11-27T14:28:52","modified_gmt":"2025-11-27T07:28:52","slug":"private-party","status":"publish","type":"page","link":"https:\/\/maison1929hanoi.com\/vi\/private-party\/","title":{"rendered":"Private Party"},"content":{"rendered":"\t\t<div data-elementor-type=\"wp-page\" data-elementor-id=\"775\" class=\"elementor elementor-775 elementor-405\" data-elementor-post-type=\"page\">\n\t\t\t\t<div class=\"elementor-element elementor-element-b6c0507 e-con-full e-flex e-con e-parent\" data-id=\"b6c0507\" data-element_type=\"container\">\n\t\t<div class=\"elementor-element elementor-element-4310279 e-con-full e-flex e-con e-child\" data-id=\"4310279\" data-element_type=\"container\" data-settings=\"{&quot;background_background&quot;:&quot;classic&quot;}\">\n\t\t\t\t<\/div>\n\t\t<div class=\"elementor-element elementor-element-9002e14 e-con-full e-flex e-con e-child\" data-id=\"9002e14\" data-element_type=\"container\" data-settings=\"{&quot;background_background&quot;:&quot;classic&quot;}\">\n\t\t<div class=\"elementor-element elementor-element-692a9e1 e-flex e-con-boxed e-con e-child\" data-id=\"692a9e1\" data-element_type=\"container\">\n\t\t\t\t\t<div class=\"e-con-inner\">\n\t\t<div class=\"elementor-element elementor-element-42ad5b7 e-grid e-con-full e-con e-child\" data-id=\"42ad5b7\" data-element_type=\"container\">\n\t\t\t\t<div class=\"elementor-element elementor-element-9a93096 elementor-invisible elementor-widget elementor-widget-image\" data-id=\"9a93096\" data-element_type=\"widget\" data-settings=\"{&quot;_animation&quot;:&quot;fadeInLeft&quot;}\" data-widget_type=\"image.default\">\n\t\t\t\t\t\t\t\t\t\t\t\t\t\t\t<img fetchpriority=\"high\" decoding=\"async\" width=\"2560\" height=\"1920\" src=\"https:\/\/maison1929hanoi.com\/wp-content\/uploads\/2025\/11\/IMG_7139-scaled.webp\" class=\"attachment-full size-full wp-image-514\" alt=\"\" srcset=\"https:\/\/maison1929hanoi.com\/wp-content\/uploads\/2025\/11\/IMG_7139-scaled.webp 2560w, https:\/\/maison1929hanoi.com\/wp-content\/uploads\/2025\/11\/IMG_7139-300x225.webp 300w, https:\/\/maison1929hanoi.com\/wp-content\/uploads\/2025\/11\/IMG_7139-1024x768.webp 1024w, https:\/\/maison1929hanoi.com\/wp-content\/uploads\/2025\/11\/IMG_7139-768x576.webp 768w, https:\/\/maison1929hanoi.com\/wp-content\/uploads\/2025\/11\/IMG_7139-1536x1152.webp 1536w, https:\/\/maison1929hanoi.com\/wp-content\/uploads\/2025\/11\/IMG_7139-2048x1536.webp 2048w, https:\/\/maison1929hanoi.com\/wp-content\/uploads\/2025\/11\/IMG_7139-80x60.webp 80w\" sizes=\"(max-width: 2560px) 100vw, 2560px\" \/>\t\t\t\t\t\t\t\t\t\t\t\t\t\t\t<\/div>\n\t\t<div class=\"elementor-element elementor-element-70b1155 e-con-full e-flex e-con e-child\" data-id=\"70b1155\" data-element_type=\"container\">\n\t\t\t\t<div class=\"elementor-element elementor-element-b63936b elementor-widget elementor-widget-heading\" data-id=\"b63936b\" data-element_type=\"widget\" data-widget_type=\"heading.default\">\n\t\t\t\t\t<h2 class=\"elementor-heading-title elementor-size-default\">Private Party<\/h2>\t\t\t\t<\/div>\n\t\t\t\t<div class=\"elementor-element elementor-element-805b728 elementor-invisible elementor-widget elementor-widget-text-editor\" data-id=\"805b728\" data-element_type=\"widget\" data-settings=\"{&quot;_animation&quot;:&quot;fadeInDown&quot;}\" data-widget_type=\"text-editor.default\">\n\t\t\t\t\t\t\t\t\t<p><span style=\"font-weight: 400;\">Trong m\u1ed9t l\u1ea7n \u0111\u1ebfn d\u00f9ng b\u1eefa t\u1ea1i Maison 1929, m\u1ed9t v\u1ecb kh\u00e1ch quen t\u00e2m s\u1ef1 v\u1edbi Vincent: &#8220;S\u1eafp \u0111\u1ebfn sinh nh\u1eadt t\u00f4i r\u1ed3i. T\u00f4i c\u00f3 th\u1ec3 book nguy\u00ean t\u1ea7ng 2 c\u1ee7a Maison cho b\u1eefa t\u1ed1i sinh nh\u1eadt hay kh\u00f4ng?&#8221;.<\/span><\/p>\t\t\t\t\t\t\t\t<\/div>\n\t\t\t\t<div class=\"elementor-element elementor-element-dc42d5d elementor-invisible elementor-widget elementor-widget-text-editor\" data-id=\"dc42d5d\" data-element_type=\"widget\" data-settings=\"{&quot;_animation&quot;:&quot;fadeInDown&quot;}\" data-widget_type=\"text-editor.default\">\n\t\t\t\t\t\t\t\t\t<p><span style=\"font-weight: 400;\">Khi \u0111\u00f3 Vincent ch\u1ee3t nh\u1eadn ra r\u1eb1ng, \u1ed3 kh\u00e1ch h\u00e0ng c\u1ee7a m\u00ecnh kh\u00f4ng ch\u1ec9 mu\u1ed1n \u0111\u1ebfn nh\u00e0 h\u00e0ng d\u00f9ng b\u1eefa, h\u1ecd c\u00f2n c\u1ea7n m\u1ed9t kh\u00f4ng gian \u0111\u1ee7 r\u1ed9ng r\u00e3i \u0111\u1ec3 t\u1ee5 h\u1ecdp v\u1edbi ng\u01b0\u1eddi th\u00e2n, b\u1ea1n b\u00e8 n\u1eefa. V\u1eady t\u1ea1i sao m\u00ecnh l\u1ea1i kh\u00f4ng ph\u00e1t tri\u1ec3n d\u1ecbch v\u1ee5 m\u1edbi cho Maison 1929 nh\u1ec9.V\u00e0 th\u1ebf l\u00e0 Private Party &#8211; d\u1ecbch v\u1ee5 \u0111\u1eb7t ph\u00f2ng ri\u00eang t\u1ea1i Maison 1929 ra \u0111\u1eddi.  <\/span><\/p>\t\t\t\t\t\t\t\t<\/div>\n\t\t\t\t<div class=\"elementor-element elementor-element-778c283 elementor-invisible elementor-widget elementor-widget-text-editor\" data-id=\"778c283\" data-element_type=\"widget\" data-settings=\"{&quot;_animation&quot;:&quot;fadeInDown&quot;}\" data-widget_type=\"text-editor.default\">\n\t\t\t\t\t\t\t\t\t<p><span style=\"font-weight: 400;\">V\u1edbi kh\u00f4ng gian hai t\u1ea7ng t\u00e1ch bi\u1ec7t, kh\u00e1ch h\u00e0ng c\u00f3 th\u1ec3 \u0111\u1eb7t ch\u1ed7 to\u00e0n b\u1ed9 t\u1ea7ng m\u1ed9t v\u1edbi t\u1ed1i \u0111a 30 ch\u1ed7 ng\u1ed3i trong kh\u00f4ng gian xinh \u0111e\u0323p, \u00e2\u0301m cu\u0301ng. C\u00f2n \u1edf t\u1ea7ng 2, Maison 1929 c\u00f3 th\u1ec3 ph\u1ee5c v\u1ee5 l\u00ean t\u1edbi 24 ch\u1ed7 ng\u1ed3i bao g\u00f4\u0300m khu v\u01b0\u0323c trong nha\u0300 va\u0300 ban c\u00f4ng nhi\u0300n ra Ph\u00f4\u0301 C\u00f4\u0309. S\u01a1\u0309 h\u01b0\u0303u l\u1ee3i th\u1ebf v\u1ec1 \u0111\u1ecba \u0111i\u1ec3m t\u1ea1i s\u1ed1 2 C\u1eeda \u0110\u00f4ng thu\u1ed9c Ph\u1ed1 C\u1ed5 H\u00e0 N\u1ed9i cu\u0300ng \u00e2\u0309m th\u01b0\u0323c \u0111\u0103\u0323c s\u0103\u0301c,  <\/span><\/p>\t\t\t\t\t\t\t\t<\/div>\n\t\t\t\t<\/div>\n\t\t\t\t<\/div>\n\t\t<div class=\"elementor-element elementor-element-88ceb3a e-con-full e-flex e-con e-child\" data-id=\"88ceb3a\" data-element_type=\"container\">\n\t\t\t\t<div class=\"elementor-element elementor-element-40092c2 elementor-widget elementor-widget-elementskit-heading\" data-id=\"40092c2\" data-element_type=\"widget\" data-widget_type=\"elementskit-heading.default\">\n\t\t\t\t\t<div class=\"ekit-wid-con\" ><div class=\"ekit-heading elementskit-section-title-wraper text_center   ekit_heading_tablet-   ekit_heading_mobile-\"><h2 class=\"ekit-heading--title elementskit-section-title \">D\u1ecbch v\u1ee5 Ti\u1ec7c ri\u00eang t\u01b0 c\u1ee7a ch\u00fang t\u00f4i l\u00fd t\u01b0\u1edfng cho:<\/h2><\/div><\/div>\t\t\t\t<\/div>\n\t\t<div class=\"elementor-element elementor-element-e52cb85 e-grid e-con-full e-con e-child\" data-id=\"e52cb85\" data-element_type=\"container\">\n\t\t\t\t<div class=\"elementor-element elementor-element-ae9cc41 elementor-widget elementor-widget-image\" data-id=\"ae9cc41\" data-element_type=\"widget\" data-widget_type=\"image.default\">\n\t\t\t\t\t\t\t\t\t\t\t\t<figure class=\"wp-caption\">\n\t\t\t\t\t\t\t\t\t\t\t<a href=\"https:\/\/maison1929hanoi.com\/wp-content\/uploads\/2025\/11\/37E935B8-B46A-458D-9C87-646BEC9D2B25-scaled.webp\" data-elementor-open-lightbox=\"yes\" data-elementor-lightbox-title=\"37E935B8-B46A-458D-9C87-646BEC9D2B25\" data-e-action-hash=\"#elementor-action%3Aaction%3Dlightbox%26settings%3DeyJpZCI6NzA1LCJ1cmwiOiJodHRwczpcL1wvbWFpc29uMTkyOWhhbm9pLmNvbVwvd3AtY29udGVudFwvdXBsb2Fkc1wvMjAyNVwvMTFcLzM3RTkzNUI4LUI0NkEtNDU4RC05Qzg3LTY0NkJFQzlEMkIyNS1zY2FsZWQud2VicCJ9\">\n\t\t\t\t\t\t\t<img decoding=\"async\" width=\"2098\" height=\"2560\" src=\"https:\/\/maison1929hanoi.com\/wp-content\/uploads\/2025\/11\/37E935B8-B46A-458D-9C87-646BEC9D2B25-scaled.webp\" class=\"attachment-full size-full wp-image-705\" alt=\"\" srcset=\"https:\/\/maison1929hanoi.com\/wp-content\/uploads\/2025\/11\/37E935B8-B46A-458D-9C87-646BEC9D2B25-scaled.webp 2098w, https:\/\/maison1929hanoi.com\/wp-content\/uploads\/2025\/11\/37E935B8-B46A-458D-9C87-646BEC9D2B25-246x300.webp 246w, https:\/\/maison1929hanoi.com\/wp-content\/uploads\/2025\/11\/37E935B8-B46A-458D-9C87-646BEC9D2B25-839x1024.webp 839w, https:\/\/maison1929hanoi.com\/wp-content\/uploads\/2025\/11\/37E935B8-B46A-458D-9C87-646BEC9D2B25-768x937.webp 768w, https:\/\/maison1929hanoi.com\/wp-content\/uploads\/2025\/11\/37E935B8-B46A-458D-9C87-646BEC9D2B25-1259x1536.webp 1259w, https:\/\/maison1929hanoi.com\/wp-content\/uploads\/2025\/11\/37E935B8-B46A-458D-9C87-646BEC9D2B25-1678x2048.webp 1678w\" sizes=\"(max-width: 2098px) 100vw, 2098px\" \/>\t\t\t\t\t\t\t\t<\/a>\n\t\t\t\t\t\t\t\t\t\t\t<figcaption class=\"widget-image-caption wp-caption-text\">Nh\u00f3m kh\u00e1ch du l\u1ecbch<\/figcaption>\n\t\t\t\t\t\t\t\t\t\t<\/figure>\n\t\t\t\t\t\t\t\t\t<\/div>\n\t\t\t\t<div class=\"elementor-element elementor-element-83f8af9 elementor-widget elementor-widget-image\" data-id=\"83f8af9\" data-element_type=\"widget\" data-widget_type=\"image.default\">\n\t\t\t\t\t\t\t\t\t\t\t\t<figure class=\"wp-caption\">\n\t\t\t\t\t\t\t\t\t\t\t<a href=\"https:\/\/maison1929hanoi.com\/wp-content\/uploads\/2025\/11\/5D462DE4-0D24-46BD-9B0F-E615213ADBBC.jpg\" data-elementor-open-lightbox=\"yes\" data-elementor-lightbox-title=\"5D462DE4-0D24-46BD-9B0F-E615213ADBBC\" data-e-action-hash=\"#elementor-action%3Aaction%3Dlightbox%26settings%3DeyJpZCI6NzEyLCJ1cmwiOiJodHRwczpcL1wvbWFpc29uMTkyOWhhbm9pLmNvbVwvd3AtY29udGVudFwvdXBsb2Fkc1wvMjAyNVwvMTFcLzVENDYyREU0LTBEMjQtNDZCRC05QjBGLUU2MTUyMTNBREJCQy5qcGcifQ%3D%3D\">\n\t\t\t\t\t\t\t<img decoding=\"async\" width=\"1440\" height=\"1794\" src=\"https:\/\/maison1929hanoi.com\/wp-content\/uploads\/2025\/11\/5D462DE4-0D24-46BD-9B0F-E615213ADBBC.jpg\" class=\"attachment-full size-full wp-image-712\" alt=\"\" srcset=\"https:\/\/maison1929hanoi.com\/wp-content\/uploads\/2025\/11\/5D462DE4-0D24-46BD-9B0F-E615213ADBBC.jpg 1440w, https:\/\/maison1929hanoi.com\/wp-content\/uploads\/2025\/11\/5D462DE4-0D24-46BD-9B0F-E615213ADBBC-241x300.jpg 241w, https:\/\/maison1929hanoi.com\/wp-content\/uploads\/2025\/11\/5D462DE4-0D24-46BD-9B0F-E615213ADBBC-822x1024.jpg 822w, https:\/\/maison1929hanoi.com\/wp-content\/uploads\/2025\/11\/5D462DE4-0D24-46BD-9B0F-E615213ADBBC-768x957.jpg 768w, https:\/\/maison1929hanoi.com\/wp-content\/uploads\/2025\/11\/5D462DE4-0D24-46BD-9B0F-E615213ADBBC-1233x1536.jpg 1233w\" sizes=\"(max-width: 1440px) 100vw, 1440px\" \/>\t\t\t\t\t\t\t\t<\/a>\n\t\t\t\t\t\t\t\t\t\t\t<figcaption class=\"widget-image-caption wp-caption-text\">C\u00e1c cu\u1ed9c g\u1eb7p m\u1eb7t b\u1ea1n b\u00e8, ng\u01b0\u1eddi th\u00e2n<\/figcaption>\n\t\t\t\t\t\t\t\t\t\t<\/figure>\n\t\t\t\t\t\t\t\t\t<\/div>\n\t\t\t\t<div class=\"elementor-element elementor-element-8a49994 elementor-widget elementor-widget-image\" data-id=\"8a49994\" data-element_type=\"widget\" data-widget_type=\"image.default\">\n\t\t\t\t\t\t\t\t\t\t\t\t<figure class=\"wp-caption\">\n\t\t\t\t\t\t\t\t\t\t\t<a href=\"https:\/\/maison1929hanoi.com\/wp-content\/uploads\/2025\/11\/TPH08737-scaled.webp\" data-elementor-open-lightbox=\"yes\" data-elementor-lightbox-title=\"TPH08737\" data-e-action-hash=\"#elementor-action%3Aaction%3Dlightbox%26settings%3DeyJpZCI6NzA5LCJ1cmwiOiJodHRwczpcL1wvbWFpc29uMTkyOWhhbm9pLmNvbVwvd3AtY29udGVudFwvdXBsb2Fkc1wvMjAyNVwvMTFcL1RQSDA4NzM3LXNjYWxlZC53ZWJwIn0%3D\">\n\t\t\t\t\t\t\t<img loading=\"lazy\" decoding=\"async\" width=\"683\" height=\"1024\" src=\"https:\/\/maison1929hanoi.com\/wp-content\/uploads\/2025\/11\/TPH08737-683x1024.webp\" class=\"attachment-large size-large wp-image-709\" alt=\"\" srcset=\"https:\/\/maison1929hanoi.com\/wp-content\/uploads\/2025\/11\/TPH08737-683x1024.webp 683w, https:\/\/maison1929hanoi.com\/wp-content\/uploads\/2025\/11\/TPH08737-200x300.webp 200w, https:\/\/maison1929hanoi.com\/wp-content\/uploads\/2025\/11\/TPH08737-768x1152.webp 768w, https:\/\/maison1929hanoi.com\/wp-content\/uploads\/2025\/11\/TPH08737-1024x1536.webp 1024w, https:\/\/maison1929hanoi.com\/wp-content\/uploads\/2025\/11\/TPH08737-1365x2048.webp 1365w, https:\/\/maison1929hanoi.com\/wp-content\/uploads\/2025\/11\/TPH08737-scaled.webp 1707w\" sizes=\"(max-width: 683px) 100vw, 683px\" \/>\t\t\t\t\t\t\t\t<\/a>\n\t\t\t\t\t\t\t\t\t\t\t<figcaption class=\"widget-image-caption wp-caption-text\">Ti\u1ec7c sinh nh\u1eadt<\/figcaption>\n\t\t\t\t\t\t\t\t\t\t<\/figure>\n\t\t\t\t\t\t\t\t\t<\/div>\n\t\t\t\t<div class=\"elementor-element elementor-element-2d7d1a4 elementor-widget elementor-widget-image\" data-id=\"2d7d1a4\" data-element_type=\"widget\" data-widget_type=\"image.default\">\n\t\t\t\t\t\t\t\t\t\t\t\t<figure class=\"wp-caption\">\n\t\t\t\t\t\t\t\t\t\t\t<a href=\"https:\/\/maison1929hanoi.com\/wp-content\/uploads\/2025\/11\/TPH08754-scaled.webp\" data-elementor-open-lightbox=\"yes\" data-elementor-lightbox-title=\"TPH08754\" data-elementor-lightbox-description=\"Atmosphere Inside\" data-e-action-hash=\"#elementor-action%3Aaction%3Dlightbox%26settings%3DeyJpZCI6MjI5LCJ1cmwiOiJodHRwczpcL1wvbWFpc29uMTkyOWhhbm9pLmNvbVwvd3AtY29udGVudFwvdXBsb2Fkc1wvMjAyNVwvMTFcL1RQSDA4NzU0LXNjYWxlZC53ZWJwIn0%3D\">\n\t\t\t\t\t\t\t<img loading=\"lazy\" decoding=\"async\" width=\"1707\" height=\"2560\" src=\"https:\/\/maison1929hanoi.com\/wp-content\/uploads\/2025\/11\/TPH08754-scaled.webp\" class=\"attachment-full size-full wp-image-229\" alt=\"Atmosphere Inside\" srcset=\"https:\/\/maison1929hanoi.com\/wp-content\/uploads\/2025\/11\/TPH08754-scaled.webp 1707w, https:\/\/maison1929hanoi.com\/wp-content\/uploads\/2025\/11\/TPH08754-200x300.webp 200w, https:\/\/maison1929hanoi.com\/wp-content\/uploads\/2025\/11\/TPH08754-683x1024.webp 683w, https:\/\/maison1929hanoi.com\/wp-content\/uploads\/2025\/11\/TPH08754-768x1152.webp 768w, https:\/\/maison1929hanoi.com\/wp-content\/uploads\/2025\/11\/TPH08754-1024x1536.webp 1024w, https:\/\/maison1929hanoi.com\/wp-content\/uploads\/2025\/11\/TPH08754-1365x2048.webp 1365w\" sizes=\"(max-width: 1707px) 100vw, 1707px\" \/>\t\t\t\t\t\t\t\t<\/a>\n\t\t\t\t\t\t\t\t\t\t\t<figcaption class=\"widget-image-caption wp-caption-text\">Ti\u1ec7c chi\u00eau \u0111a\u0303i ngo\u1ea1i giao<\/figcaption>\n\t\t\t\t\t\t\t\t\t\t<\/figure>\n\t\t\t\t\t\t\t\t\t<\/div>\n\t\t\t\t<div class=\"elementor-element elementor-element-9f5c149 elementor-widget elementor-widget-image\" data-id=\"9f5c149\" data-element_type=\"widget\" data-widget_type=\"image.default\">\n\t\t\t\t\t\t\t\t\t\t\t\t<figure class=\"wp-caption\">\n\t\t\t\t\t\t\t\t\t\t<img loading=\"lazy\" decoding=\"async\" width=\"6336\" height=\"9504\" src=\"https:\/\/maison1929hanoi.com\/wp-content\/uploads\/2025\/11\/Chao-Ban_1737.webp\" class=\"attachment-full size-full wp-image-225\" alt=\"Atmosphere Inside\" srcset=\"https:\/\/maison1929hanoi.com\/wp-content\/uploads\/2025\/11\/Chao-Ban_1737.webp 6336w, https:\/\/maison1929hanoi.com\/wp-content\/uploads\/2025\/11\/Chao-Ban_1737-200x300.webp 200w, https:\/\/maison1929hanoi.com\/wp-content\/uploads\/2025\/11\/Chao-Ban_1737-683x1024.webp 683w, https:\/\/maison1929hanoi.com\/wp-content\/uploads\/2025\/11\/Chao-Ban_1737-768x1152.webp 768w\" sizes=\"(max-width: 6336px) 100vw, 6336px\" \/>\t\t\t\t\t\t\t\t\t\t\t<figcaption class=\"widget-image-caption wp-caption-text\">Ca\u0301c cu\u00f4\u0323c g\u1eb7p g\u1ee1 va\u0300 s\u01b0\u0323 ki\u00ea\u0323n n\u1ed9i b\u1ed9 doanh nghi\u1ec7p<\/figcaption>\n\t\t\t\t\t\t\t\t\t\t<\/figure>\n\t\t\t\t\t\t\t\t\t<\/div>\n\t\t\t\t<\/div>\n\t\t\t\t<\/div>\n\t\t<div class=\"elementor-element elementor-element-8d555a5 e-grid e-con-full e-con e-child\" data-id=\"8d555a5\" data-element_type=\"container\">\n\t\t<div class=\"elementor-element elementor-element-0710934 e-con-full e-flex e-con e-child\" data-id=\"0710934\" data-element_type=\"container\">\n\t\t\t\t<div class=\"elementor-element elementor-element-475f999 elementor-widget elementor-widget-heading\" data-id=\"475f999\" data-element_type=\"widget\" data-widget_type=\"heading.default\">\n\t\t\t\t\t<h2 class=\"elementor-heading-title elementor-size-default\">Nh\u1eefng kho\u1ea3nh kh\u1eafc th\u00e2n m\u1eadt, nh\u1eefng k\u1ef7 ni\u1ec7m tuy\u1ec7t v\u1eddi<\/h2>\t\t\t\t<\/div>\n\t\t\t\t<div class=\"elementor-element elementor-element-8be1779 elementor-invisible elementor-widget elementor-widget-text-editor\" data-id=\"8be1779\" data-element_type=\"widget\" data-settings=\"{&quot;_animation&quot;:&quot;fadeInDown&quot;}\" data-widget_type=\"text-editor.default\">\n\t\t\t\t\t\t\t\t\t<p><span style=\"font-weight: 400;\">Maison 1929 t\u01b0\u0323 ha\u0300o vi\u0300 \u0111a\u0303 tr\u01a1\u0309 tha\u0300nh s\u01b0\u0323 l\u01b0\u0323a cho\u0323n cu\u0309a nhi\u00ea\u0300u chi\u0301nh tri\u0323 gia, nguy\u00ean thu\u0309 qu\u00f4\u0301c gia trong ca\u0301c chuy\u00ea\u0301n c\u00f4ng du t\u01a1\u0301i Ha\u0300 N\u00f4\u0323i khi ho\u0323 mu\u00f4\u0301n th\u01b0\u01a1\u0309ng th\u01b0\u0301c \u00e2\u0309m th\u01b0\u0323c Vi\u00ea\u0323t ta\u0323i m\u00f4\u0323t nha\u0300 ha\u0300ng \u0111i\u0323a ph\u01b0\u01a1ng.<\/span><\/p>\t\t\t\t\t\t\t\t<\/div>\n\t\t\t\t<div class=\"elementor-element elementor-element-fc50326 elementor-invisible elementor-widget elementor-widget-text-editor\" data-id=\"fc50326\" data-element_type=\"widget\" data-settings=\"{&quot;_animation&quot;:&quot;fadeInDown&quot;}\" data-widget_type=\"text-editor.default\">\n\t\t\t\t\t\t\t\t\t<p><span style=\"font-weight: 400;\">V\u01a1\u0301i tinh th\u00e2\u0300n lu\u00f4n l\u0103\u0301ng nghe, th\u00e2\u0301u hi\u00ea\u0309u va\u0300 di\u0323ch vu\u0323 th\u00e2n thi\u00ea\u0323n, chu\u0301ng t\u00f4i \u0111a\u0309m ba\u0309o r\u0103\u0300ng b\u01b0\u0303a ti\u00ea\u0323c cu\u0309a ba\u0323n se\u0303 di\u00ea\u0303n ra tha\u0300nh c\u00f4ng nh\u01b0 mong \u0111\u01a1\u0323i. H\u00e3y \u0111\u1ec3 ch\u00fang t\u00f4i bi\u1ebfn nh\u1eefng kho\u1ea3nh kh\u1eafc \u0111\u1eb7c bi\u1ec7t c\u1ee7a b\u1ea1n th\u00e0nh nh\u1eefng k\u1ef7 ni\u1ec7m nh\u01a1\u0301 trong c\u0103n nha\u0300 Pha\u0301p c\u00f4\u0309 Maison 1929.<br> <\/span><\/p>\t\t\t\t\t\t\t\t<\/div>\n\t\t\t\t<div class=\"elementor-element elementor-element-c38c044 elementor-invisible elementor-widget elementor-widget-text-editor\" data-id=\"c38c044\" data-element_type=\"widget\" data-settings=\"{&quot;_animation&quot;:&quot;fadeInDown&quot;}\" data-widget_type=\"text-editor.default\">\n\t\t\t\t\t\t\t\t\t<p><span style=\"font-weight: 400;\">B\u1ea1n \u0111\u00e3 s\u1eb5n s\u00e0ng \u0111\u1eb7t ch\u1ed7 ch\u01b0a? H\u00e3y li\u00ean h\u1ec7 v\u1edbi ch\u00fang t\u00f4i \u0111\u1ec3 th\u1ea3o lu\u1eadn v\u1ec1 s\u1ef1 ki\u1ec7n c\u1ee7a b\u1ea1n v\u00e0 ki\u1ec3m tra t\u00ecnh tr\u1ea1ng ch\u1ed7 tr\u1ed1ng. <\/span><\/p>\t\t\t\t\t\t\t\t<\/div>\n\t\t\t\t<\/div>\n\t\t\t\t<div class=\"elementor-element elementor-element-ce49db7 elementor-invisible elementor-widget elementor-widget-image\" data-id=\"ce49db7\" data-element_type=\"widget\" data-settings=\"{&quot;_animation&quot;:&quot;fadeInLeft&quot;}\" data-widget_type=\"image.default\">\n\t\t\t\t\t\t\t\t\t\t\t\t\t\t\t<img loading=\"lazy\" decoding=\"async\" width=\"1707\" height=\"2560\" src=\"https:\/\/maison1929hanoi.com\/wp-content\/uploads\/2025\/11\/TPH08736-scaled.webp\" class=\"attachment-full size-full wp-image-707\" alt=\"\" srcset=\"https:\/\/maison1929hanoi.com\/wp-content\/uploads\/2025\/11\/TPH08736-scaled.webp 1707w, https:\/\/maison1929hanoi.com\/wp-content\/uploads\/2025\/11\/TPH08736-200x300.webp 200w, https:\/\/maison1929hanoi.com\/wp-content\/uploads\/2025\/11\/TPH08736-683x1024.webp 683w, https:\/\/maison1929hanoi.com\/wp-content\/uploads\/2025\/11\/TPH08736-768x1152.webp 768w, https:\/\/maison1929hanoi.com\/wp-content\/uploads\/2025\/11\/TPH08736-1024x1536.webp 1024w, https:\/\/maison1929hanoi.com\/wp-content\/uploads\/2025\/11\/TPH08736-1365x2048.webp 1365w\" sizes=\"(max-width: 1707px) 100vw, 1707px\" \/>\t\t\t\t\t\t\t\t\t\t\t\t\t\t\t<\/div>\n\t\t\t\t<\/div>\n\t\t\t\t\t<\/div>\n\t\t\t\t<\/div>\n\t\t\t\t<\/div>\n\t\t\t\t<\/div>\n\t\t\t\t<\/div>\n\t\t\n    <div class=\"xs_social_share_widget xs_share_url after_content \t\tmain_content  wslu-style-1 wslu-share-box-shaped wslu-fill-colored wslu-none wslu-share-horizontal wslu-theme-font-no wslu-main_content\">\n\n\t\t\n        <ul>\n\t\t\t        <\/ul>\n    <\/div> \n","protected":false},"excerpt":{"rendered":"<p>Private Party Trong m\u1ed9t l\u1ea7n \u0111\u1ebfn d\u00f9ng b\u1eefa t\u1ea1i Maison 1929, m\u1ed9t v\u1ecb kh\u00e1ch quen t\u00e2m s\u1ef1 v\u1edbi Vincent: &#8220;S\u1eafp \u0111\u1ebfn sinh nh\u1eadt t\u00f4i r\u1ed3i. T\u00f4i c\u00f3 th\u1ec3 book nguy\u00ean t\u1ea7ng 2 c\u1ee7a Maison cho b\u1eefa t\u1ed1i sinh nh\u1eadt hay kh\u00f4ng?&#8221;. Khi \u0111\u00f3 Vincent ch\u1ee3t nh\u1eadn ra r\u1eb1ng, \u1ed3 kh\u00e1ch h\u00e0ng c\u1ee7a m\u00ecnh kh\u00f4ng ch\u1ec9 mu\u1ed1n \u0111\u1ebfn nh\u00e0 h\u00e0ng d\u00f9ng [&hellip;]<\/p>\n","protected":false},"author":1,"featured_media":0,"parent":0,"menu_order":5,"comment_status":"closed","ping_status":"closed","template":"elementor_header_footer","meta":{"footnotes":""},"class_list":["post-775","page","type-page","status-publish","hentry"],"aioseo_notices":[],"_links":{"self":[{"href":"https:\/\/maison1929hanoi.com\/vi\/wp-json\/wp\/v2\/pages\/775","targetHints":{"allow":["GET"]}}],"collection":[{"href":"https:\/\/maison1929hanoi.com\/vi\/wp-json\/wp\/v2\/pages"}],"about":[{"href":"https:\/\/maison1929hanoi.com\/vi\/wp-json\/wp\/v2\/types\/page"}],"author":[{"embeddable":true,"href":"https:\/\/maison1929hanoi.com\/vi\/wp-json\/wp\/v2\/users\/1"}],"replies":[{"embeddable":true,"href":"https:\/\/maison1929hanoi.com\/vi\/wp-json\/wp\/v2\/comments?post=775"}],"version-history":[{"count":3,"href":"https:\/\/maison1929hanoi.com\/vi\/wp-json\/wp\/v2\/pages\/775\/revisions"}],"predecessor-version":[{"id":881,"href":"https:\/\/maison1929hanoi.com\/vi\/wp-json\/wp\/v2\/pages\/775\/revisions\/881"}],"wp:attachment":[{"href":"https:\/\/maison1929hanoi.com\/vi\/wp-json\/wp\/v2\/media?parent=775"}],"curies":[{"name":"wp","href":"https:\/\/api.w.org\/{rel}","templated":true}]}}