{"id":644,"date":"2025-06-11T04:53:17","date_gmt":"2025-06-10T21:53:17","guid":{"rendered":"https:\/\/maison1929hanoi.com\/chef-founder\/"},"modified":"2025-11-24T19:45:05","modified_gmt":"2025-11-24T12:45:05","slug":"chef-founder","status":"publish","type":"page","link":"https:\/\/maison1929hanoi.com\/vi\/chef-founder\/","title":{"rendered":"Chef-founder"},"content":{"rendered":"\t\t<div data-elementor-type=\"wp-page\" data-elementor-id=\"644\" class=\"elementor elementor-644 elementor-68\" data-elementor-post-type=\"page\">\n\t\t\t\t<div class=\"elementor-element elementor-element-22244ea e-flex e-con-boxed e-con e-parent\" data-id=\"22244ea\" data-element_type=\"container\" data-settings=\"{&quot;background_background&quot;:&quot;classic&quot;}\">\n\t\t\t\t\t<div class=\"e-con-inner\">\n\t\t\t\t\t<\/div>\n\t\t\t\t<\/div>\n\t\t<div class=\"elementor-element elementor-element-31e5c68 e-flex e-con-boxed e-con e-parent\" data-id=\"31e5c68\" data-element_type=\"container\" data-settings=\"{&quot;background_background&quot;:&quot;classic&quot;}\">\n\t\t\t\t\t<div class=\"e-con-inner\">\n\t\t<div class=\"elementor-element elementor-element-49f50c5 e-grid e-con-full e-con e-child\" data-id=\"49f50c5\" data-element_type=\"container\">\n\t\t\t\t<div class=\"elementor-element elementor-element-9aee83c elementor-widget elementor-widget-image\" data-id=\"9aee83c\" data-element_type=\"widget\" data-widget_type=\"image.default\">\n\t\t\t\t\t\t\t\t\t\t\t\t\t\t\t<img fetchpriority=\"high\" decoding=\"async\" width=\"1920\" height=\"2560\" src=\"https:\/\/maison1929hanoi.com\/wp-content\/uploads\/2025\/11\/IMG_2384-scaled.jpg\" class=\"attachment-full size-full wp-image-722\" alt=\"\" srcset=\"https:\/\/maison1929hanoi.com\/wp-content\/uploads\/2025\/11\/IMG_2384-scaled.jpg 1920w, https:\/\/maison1929hanoi.com\/wp-content\/uploads\/2025\/11\/IMG_2384-225x300.jpg 225w, https:\/\/maison1929hanoi.com\/wp-content\/uploads\/2025\/11\/IMG_2384-768x1024.jpg 768w, https:\/\/maison1929hanoi.com\/wp-content\/uploads\/2025\/11\/IMG_2384-1152x1536.jpg 1152w, https:\/\/maison1929hanoi.com\/wp-content\/uploads\/2025\/11\/IMG_2384-1536x2048.jpg 1536w\" sizes=\"(max-width: 1920px) 100vw, 1920px\" \/>\t\t\t\t\t\t\t\t\t\t\t\t\t\t\t<\/div>\n\t\t<div class=\"elementor-element elementor-element-2a5115f e-con-full e-flex e-con e-child\" data-id=\"2a5115f\" data-element_type=\"container\">\n\t\t\t\t<div class=\"elementor-element elementor-element-f94cf29 elementor-widget elementor-widget-heading\" data-id=\"f94cf29\" data-element_type=\"widget\" data-widget_type=\"heading.default\">\n\t\t\t\t\t<h2 class=\"elementor-heading-title elementor-size-default\">Vincent Cao Minh Page\n<\/h2>\t\t\t\t<\/div>\n\t\t\t\t<div class=\"elementor-element elementor-element-365febc elementor-widget elementor-widget-text-editor\" data-id=\"365febc\" data-element_type=\"widget\" data-widget_type=\"text-editor.default\">\n\t\t\t\t\t\t\t\t\t<p><span style=\"font-weight: 400;\">T\u00f4i l\u00e0 Vincent Cao Minh Page, m\u1ed9t ng\u01b0\u1eddi con lai Vi\u1ec7t \u2013 Ph\u00e1p. Sinh ra v\u00e0 l\u1edbn l\u00ean \u1edf Paris, nh\u01b0ng ngay t\u1eeb nh\u1ecf t\u00f4i \u0111\u00e3 \u0111\u01b0\u1ee3c nu\u00f4i d\u01b0\u1ee1ng trong h\u01b0\u01a1ng v\u1ecb mo\u0301n \u0103n cu\u0300ng v\u0103n h\u00f3a Vi\u1ec7t t\u01b0\u0300 m\u1eb9 v\u00e0 h\u1ecd h\u00e0ng b\u00ean ngo\u1ea1i. <\/span><\/p>\t\t\t\t\t\t\t\t<\/div>\n\t\t\t\t<div class=\"elementor-element elementor-element-41156d1 elementor-widget elementor-widget-text-editor\" data-id=\"41156d1\" data-element_type=\"widget\" data-widget_type=\"text-editor.default\">\n\t\t\t\t\t\t\t\t\t<p><span style=\"font-weight: 400;\">H\u00ecnh \u1ea3nh Vi\u1ec7t Nam trong t\u00f4i tr\u1edf n\u00ean r\u00f5 n\u00e9t h\u01a1n t\u1eeb c\u00f4ng vi\u1ec7c \u0111\u1ea7u ti\u00ean c\u1ee7a \u0111\u1eddi m\u00ecnh \u2013 th\u1ef1c t\u1eadp sinh t\u1ea1i m\u1ed9t nh\u00e0 h\u00e0ng nh\u1ecf tr\u00ean \u0111\u1ed3i Montmartre, do m\u1ed9t ng\u01b0\u1eddi ch\u1ee7 g\u1ed1c H\u1ea3i Ph\u00f2ng m\u1edf ra. Nh\u00e0 h\u00e0ng n\u1ed5i ti\u1ebfng v\u1edbi nhi\u1ec1u m\u00f3n \u0103n Vi\u1ec7t tr\u00ean con ph\u1ed1 du l\u1ecbch s\u1ea7m u\u1ea5t. M\u00f3n \u0103n l\u00e0m t\u00f4i \u1ea5n t\u01b0\u1ee3ng nh\u1ea5t \u1edf \u0111\u00e2y l\u00e0 T\u00f4m h\u1ea7m trong qu\u1ea3 d\u1eeba, v\u1edbi ph\u1ea7n b\u00e0i tr\u00ed \u1ea5n t\u01b0\u1ee3ng trong qu\u1ea3 d\u1eeba t\u01b0\u01a1i, nh\u1eefng con t\u00f4m \u0111\u1ecf m\u1ecdng ngon mi\u1ec7ng b\u00ean c\u00e1c lo\u1ea1i rau xanh v\u00e0 m\u00e0u n\u01b0\u1edbc c\u1ed1t d\u1eeba tr\u1eafng h\u1ea5p d\u1eabn t\u1ea1o n\u00ean m\u1ed9t t\u1ed5ng th\u1ec3 ho\u00e0n h\u1ea3o, \u0111\u1ebfn m\u1ee9c g\u1ea7n nh\u01b0 v\u1ecb kh\u00e1ch n\u00e0o gh\u00e9 \u0111\u1ebfn c\u0169ng g\u1ecdi ngay t\u1eeb khi xem h\u00ecnh \u1ea3nh m\u00f3n \u0103n. V\u1ecb c\u1ee7a m\u00f3n T\u00f4m h\u1ea7m trong qu\u1ea3 d\u1eeba qu\u1ea3 th\u1eadt l\u00e0 ngon \u1ea5n t\u01b0\u1ee3ng, n\u01b0\u1edbc c\u1ed1t d\u1eeba th\u01a1m ngon quy\u1ec7n v\u1edbi t\u00f4m ho\u1eb7c rau xanh khi th\u01b0\u1edfng th\u1ee9c c\u00f9ng l\u00e0m cho ng\u01b0\u1eddi ta c\u00f3 th\u1ec3 \u0103n kh\u00f4ng d\u1eebng, th\u1eadm ch\u00ed h\u1ecd c\u00f2n kh\u00f4ng mu\u1ed1n chuy\u1ec3n sang \u0111\u0129a kh\u00e1c tr\u00ean b\u00e0n \u0103n cho \u0111\u1ebfn khi \u0103n h\u1ebft m\u00f3n n\u00e0y. Khi \u1ea5y, t\u00f4i th\u1ea7m ngh\u0129: \u201cC\u00f3 l\u1ebd Vi\u1ec7t Nam l\u00e0 n\u01a1i c\u00f3 nhi\u1ec1u nh\u1eefng tuy\u1ec7t ph\u1ea9m ngon trong \u1ea9m th\u1ef1c nh\u01b0 rau c\u1ee7, tr\u00e1i c\u00e2y v\u00e0 c\u1ea3 nh\u1eefng th\u1ef1c ph\u1ea9m t\u1eeb n\u00fai r\u1eebng, s\u00f4ng n\u01b0\u1edbc, bi\u1ec3n c\u1ea3 d\u1ecdc \u0111\u1ea5t n\u01b0\u1edbc, t\u00f4i s\u1ebd s\u1edbm \u0111i Vi\u1ec7t Nam \u0111\u1ec3 kh\u00e1m ph\u00e1 nh\u1eefng k\u1ef3 di\u1ec7u \u1ea5y\u201d.<br>     <\/span><\/p>\t\t\t\t\t\t\t\t<\/div>\n\t\t\t\t<\/div>\n\t\t\t\t<\/div>\n\t\t<div class=\"elementor-element elementor-element-60220c5 e-grid e-con-full e-con e-child\" data-id=\"60220c5\" data-element_type=\"container\">\n\t\t<div class=\"elementor-element elementor-element-0b5c50c e-con-full e-flex e-con e-child\" data-id=\"0b5c50c\" data-element_type=\"container\">\n\t\t\t\t<div class=\"elementor-element elementor-element-7003c43 elementor-widget elementor-widget-heading\" data-id=\"7003c43\" data-element_type=\"widget\" data-widget_type=\"heading.default\">\n\t\t\t\t\t<h2 class=\"elementor-heading-title elementor-size-default\">H\u00e0nh tr\u00ecnh v\u1edbi Vi\u1ec7t Nam \u2013 Ng\u00f4i nh\u00e0 th\u1ee9 hai c\u1ee7a t\u00f4i<\/h2>\t\t\t\t<\/div>\n\t\t\t\t<div class=\"elementor-element elementor-element-5dee3a4 elementor-widget elementor-widget-text-editor\" data-id=\"5dee3a4\" data-element_type=\"widget\" data-widget_type=\"text-editor.default\">\n\t\t\t\t\t\t\t\t\t<p><span style=\"font-weight: 400;\">Sau khi t\u1ed1t nghi\u1ec7p Tr\u01b0\u1eddng Qu\u1ea3n tr\u1ecb Kh\u00e1ch s\u1ea1n Jean Drouant\u2013Mederic \u1edf Paris, t\u00f4i \u0111\u00e3 \u0111\u1ebfn Vi\u1ec7t Nam trong m\u1ed9t k\u1ef3 ngh\u1ec9. \u0110\u01b0\u1ee3c ng\u01b0\u1eddi th\u00e2n d\u1eabn \u0111\u01b0\u1eddng, t\u00f4i \u0111\u00e3 kh\u00e1m ph\u00e1 m\u1ed9t \u0111\u1ea5t n\u01b0\u1edbc nh\u1ecf b\u00e9 nh\u01b0ng s\u00f4i \u0111\u1ed9ng\u2014v\u1ebb \u0111\u1eb9p, tr\u00e0n \u0111\u1ea7y s\u1ee9c s\u1ed1ng v\u00e0 v\u00f4 c\u00f9ng hi\u1ebfu kh\u00e1ch. M\u1ed7i b\u1eefa \u0103n nh\u01b0 m\u1ed9t cu\u1ed9c phi\u00eau l\u01b0u \u1ea9m th\u1ef1c m\u1edbi, v\u00e0 \u0111\u1ebfn cu\u1ed1i chuy\u1ebfn \u0111i, t\u00f4i \u0111\u00e3 \u0111\u01b0a ra quy\u1ebft \u0111\u1ecbnh quan tr\u1ecdng \u0111\u1ea7u ti\u00ean trong \u0111\u1eddi: T\u00f4i s\u1ebd tr\u1edf v\u1ec1 Vi\u1ec7t Nam \u0111\u1ec3 sinh s\u1ed1ng v\u00e0 ph\u00e1t tri\u1ec3n s\u1ef1 nghi\u1ec7p. Gia \u0111\u00ecnh t\u00f4i ho\u00e0n to\u00e0n \u1ee7ng h\u1ed9 t\u00f4i.   <\/span><\/p>\t\t\t\t\t\t\t\t<\/div>\n\t\t\t\t<div class=\"elementor-element elementor-element-8e6b774 elementor-widget elementor-widget-text-editor\" data-id=\"8e6b774\" data-element_type=\"widget\" data-widget_type=\"text-editor.default\">\n\t\t\t\t\t\t\t\t\t<p><span style=\"font-weight: 400;\">C\u00f4ng vi\u1ec7c \u0111\u1ea7u ti\u00ean c\u1ee7a t\u00f4i \u1edf Vi\u1ec7t Nam l\u00e0 h\u1ecdc vi\u1ec7c b\u1ebfp t\u1ea1i Kh\u00e1ch s\u1ea1n Metropole \u1edf H\u00e0 N\u1ed9i\u2014m\u1ed9t tr\u1ea3i nghi\u1ec7m v\u00f4 gi\u00e1, n\u01a1i t\u00f4i \u0111\u01b0\u1ee3c h\u1ecdc h\u1ecfi t\u1eeb c\u00e1c \u0111\u1ea7u b\u1ebfp v\u00e0 b\u1ebfp ph\u00f3 h\u00e0ng \u0111\u1ea7u trong m\u1ed9t c\u0103n b\u1ebfp n\u0103m sao. T\u00f4i c\u0169ng \u0111\u00e3 x\u00e2y d\u1ef1ng t\u00ecnh b\u1ea1n v\u1edbi nhi\u1ec1u \u0111\u1ed3ng nghi\u1ec7p ng\u01b0\u1eddi Vi\u1ec7t Nam, nh\u1eefng ng\u01b0\u1eddi v\u1eabn th\u00e2n thi\u1ebft v\u1edbi t\u00f4i cho \u0111\u1ebfn ng\u00e0y nay. N\u0103m 2011, t\u00f4i chuy\u1ec3n \u0111\u1ebfn Th\u00e0nh ph\u1ed1 H\u1ed3 Ch\u00ed Minh v\u00e0 m\u1edf nh\u00e0 h\u00e0ng \u0111\u1ea7u ti\u00ean c\u1ee7a m\u00ecnh v\u1edbi m\u1ed9t nh\u00e0 \u0111\u1ea7u t\u01b0 ng\u01b0\u1eddi Ph\u00e1p, m\u1ed9t ng\u01b0\u1eddi b\u1ea1n c\u1ee7a b\u1ed1 m\u1eb9 t\u00f4i. Nh\u00e0 h\u00e0ng c\u00f3 t\u00ean l\u00e0 La Cr\u00eaperie tr\u00ean \u0111\u01b0\u1eddng L\u00ea Th\u00e1nh T\u00f4n, Qu\u1eadn 1, chuy\u00ean v\u1ec1 b\u00e1nh cr\u00eape t\u1eeb Bretagne\u2014qu\u00ea h\u01b0\u01a1ng c\u1ee7a cha t\u00f4i. \u0110\u00f3 l\u00e0 tr\u1ea3i nghi\u1ec7m \u0111\u1ea7u ti\u00ean c\u1ee7a t\u00f4i v\u1edbi t\u01b0 c\u00e1ch l\u00e0 ch\u1ee7 nh\u00e0 h\u00e0ng khi c\u00f2n r\u1ea5t tr\u1ebb, v\u00e0 t\u00f4i \u0111\u00e3 h\u1ecdc \u0111\u01b0\u1ee3c nhi\u1ec1u b\u00e0i h\u1ecdc qu\u00fd gi\u00e1, \u0111\u1eb7t n\u1ec1n m\u00f3ng cho t\u01b0\u01a1ng lai c\u1ee7a t\u00f4i trong l\u0129nh v\u1ef1c kinh doanh nh\u00e0 h\u00e0ng. May m\u1eafn thay, b\u00e1nh cr\u00eape c\u1ee7a ch\u00fang t\u00f4i \u0111\u01b0\u1ee3c kh\u00e1ch h\u00e0ng \u0111\u00f3n nh\u1eadn n\u1ed3ng nhi\u1ec7t, c\u1ee7ng c\u1ed1 ni\u1ec1m tin c\u1ee7a t\u00f4i v\u00e0o con \u0111\u01b0\u1eddng \u1ea9m th\u1ef1c c\u1ee7a m\u00ecnh.     <\/span><\/p>\t\t\t\t\t\t\t\t<\/div>\n\t\t\t\t<div class=\"elementor-element elementor-element-4876239 elementor-widget elementor-widget-text-editor\" data-id=\"4876239\" data-element_type=\"widget\" data-widget_type=\"text-editor.default\">\n\t\t\t\t\t\t\t\t\t<p><span style=\"font-weight: 400;\">Sau khi chuy\u1ec3n nh\u01b0\u1ee3ng quy\u1ec1n s\u1edf h\u1eefu (nh\u00e0 h\u00e0ng v\u1eabn ho\u1ea1t \u0111\u1ed9ng cho \u0111\u1ebfn ng\u00e0y nay t\u1ea1i Th\u1ea3o \u0110i\u1ec1n), t\u00f4i tr\u1edf v\u1ec1 H\u00e0 N\u1ed9i \u0111\u1ec3 \u0111\u1ea3m nh\u1eadn v\u1ecb tr\u00ed qu\u1ea3n l\u00fd t\u1ea1i m\u1ed9t nh\u00e0 h\u00e0ng Vi\u1ec7t Nam, do m\u1ed9t doanh nh\u00e2n ng\u01b0\u1eddi Ph\u00e1p l\u00e0m ch\u1ee7 v\u1edbi \u0111\u1ed9i ng\u0169 h\u01a1n 40 nh\u00e2n vi\u00ean. Trong h\u01a1n b\u1ea3y n\u0103m, t\u00f4i \u0111\u00e3 trau d\u1ed3i k\u1ef9 n\u0103ng qu\u1ea3n l\u00fd m\u1ed9t \u0111\u1ed9i ng\u0169 l\u1edbn v\u00e0 c\u00f3 \u0111\u01b0\u1ee3c c\u00e1i nh\u00ecn s\u00e2u s\u1eafc h\u01a1n v\u1ec1 b\u1ed1i c\u1ea3nh \u1ea9m th\u1ef1c \u0111\u1ecba ph\u01b0\u01a1ng. S\u1ed1ng v\u00e0 l\u00e0m vi\u1ec7c t\u1ea1i Vi\u1ec7t Nam nhi\u1ec1u n\u0103m, t\u00f4i \u0111\u00e3 hi\u1ec3u s\u00e2u s\u1eafc v\u1ec1 con ng\u01b0\u1eddi, v\u0103n h\u00f3a v\u00e0 \u1ea9m th\u1ef1c n\u01a1i \u0111\u00e2y. Cu\u1ed1i c\u00f9ng, t\u00f4i c\u1ea3m th\u1ea5y m\u1ed9t ti\u1ebfng g\u1ecdi &#8211; m\u1ed9t t\u1ea7m nh\u00ecn cho gi\u1ea5c m\u01a1 c\u1ee7a ri\u00eang m\u00ecnh. T\u00f4i r\u1eddi b\u1ecf v\u1ecb tr\u00ed qu\u1ea3n l\u00fd \u0111\u1ec3 b\u1eaft \u0111\u1ea7u x\u00e2y d\u1ef1ng t\u01b0\u01a1ng lai.    <\/span><\/p>\t\t\t\t\t\t\t\t<\/div>\n\t\t\t\t<div class=\"elementor-element elementor-element-a69061e elementor-widget elementor-widget-text-editor\" data-id=\"a69061e\" data-element_type=\"widget\" data-widget_type=\"text-editor.default\">\n\t\t\t\t\t\t\t\t\t<p><span style=\"font-weight: 400;\">L\u00e0 m\u1ed9t ng\u01b0\u1eddi Ph\u00e1p g\u1ed1c Vi\u1ec7t c\u00f3 ni\u1ec1m \u0111am m\u00ea s\u00e2u s\u1eafc v\u1edbi \u1ea9m th\u1ef1c, \u0111\u01b0\u1ee3c \u0111\u00e0o t\u1ea1o ch\u00ednh quy t\u1ea1i Ph\u00e1p nh\u01b0ng v\u1eabn g\u1eafn b\u00f3 ch\u1eb7t ch\u1ebd v\u1edbi h\u01b0\u01a1ng v\u1ecb Vi\u1ec7t Nam, t\u00f4i c\u1ea3m th\u1ea5y m\u00ecnh ph\u1ea3i ti\u1ebfp t\u1ee5c h\u00e0nh tr\u00ecnh n\u00e0y &#8211; kh\u00e1m ph\u00e1 \u1ea9m th\u1ef1c Vi\u1ec7t Nam v\u00e0 chia s\u1ebb n\u00f3 v\u1edbi c\u1ea3 ng\u01b0\u1eddi d\u00e2n \u0111\u1ecba ph\u01b0\u01a1ng v\u00e0 b\u1ea1n b\u00e8 qu\u1ed1c t\u1ebf th\u00f4ng qua c\u00e1c nh\u00e0 h\u00e0ng m\u00e0 t\u00f4i s\u1ebd m\u1edf.<\/span><\/p>\t\t\t\t\t\t\t\t<\/div>\n\t\t\t\t<\/div>\n\t\t\t\t<div class=\"elementor-element elementor-element-d7743c0 elementor-widget elementor-widget-image\" data-id=\"d7743c0\" data-element_type=\"widget\" data-widget_type=\"image.default\">\n\t\t\t\t\t\t\t\t\t\t\t\t\t\t\t<img decoding=\"async\" width=\"8170\" height=\"6336\" src=\"https:\/\/maison1929hanoi.com\/wp-content\/uploads\/2025\/11\/IMG_7621.webp\" class=\"attachment-full size-full wp-image-375\" alt=\"\" srcset=\"https:\/\/maison1929hanoi.com\/wp-content\/uploads\/2025\/11\/IMG_7621.webp 8170w, https:\/\/maison1929hanoi.com\/wp-content\/uploads\/2025\/11\/IMG_7621-300x233.webp 300w, https:\/\/maison1929hanoi.com\/wp-content\/uploads\/2025\/11\/IMG_7621-1024x794.webp 1024w, https:\/\/maison1929hanoi.com\/wp-content\/uploads\/2025\/11\/IMG_7621-768x596.webp 768w\" sizes=\"(max-width: 8170px) 100vw, 8170px\" \/>\t\t\t\t\t\t\t\t\t\t\t\t\t\t\t<\/div>\n\t\t\t\t<\/div>\n\t\t<div class=\"elementor-element elementor-element-96b3202 e-grid e-con-full e-con e-child\" data-id=\"96b3202\" data-element_type=\"container\">\n\t\t\t\t<div class=\"elementor-element elementor-element-cb2a3c1 elementor-widget elementor-widget-image\" data-id=\"cb2a3c1\" data-element_type=\"widget\" data-widget_type=\"image.default\">\n\t\t\t\t\t\t\t\t\t\t\t\t\t\t\t<img decoding=\"async\" width=\"6336\" height=\"9504\" src=\"https:\/\/maison1929hanoi.com\/wp-content\/uploads\/2025\/11\/Chao-Ban_1689.webp\" class=\"attachment-full size-full wp-image-223\" alt=\"Atmosphere Inside\" srcset=\"https:\/\/maison1929hanoi.com\/wp-content\/uploads\/2025\/11\/Chao-Ban_1689.webp 6336w, https:\/\/maison1929hanoi.com\/wp-content\/uploads\/2025\/11\/Chao-Ban_1689-200x300.webp 200w, https:\/\/maison1929hanoi.com\/wp-content\/uploads\/2025\/11\/Chao-Ban_1689-683x1024.webp 683w, https:\/\/maison1929hanoi.com\/wp-content\/uploads\/2025\/11\/Chao-Ban_1689-768x1152.webp 768w\" sizes=\"(max-width: 6336px) 100vw, 6336px\" \/>\t\t\t\t\t\t\t\t\t\t\t\t\t\t\t<\/div>\n\t\t<div class=\"elementor-element elementor-element-969a46c e-con-full e-flex e-con e-child\" data-id=\"969a46c\" data-element_type=\"container\">\n\t\t\t\t<div class=\"elementor-element elementor-element-1b029c3 elementor-widget elementor-widget-heading\" data-id=\"1b029c3\" data-element_type=\"widget\" data-widget_type=\"heading.default\">\n\t\t\t\t\t<h2 class=\"elementor-heading-title elementor-size-default\">Bi\u1ebfn gi\u1ea5c m\u01a1 th\u00e0nh hi\u1ec7n th\u1ef1c<\/h2>\t\t\t\t<\/div>\n\t\t\t\t<div class=\"elementor-element elementor-element-97c3e83 elementor-widget elementor-widget-text-editor\" data-id=\"97c3e83\" data-element_type=\"widget\" data-widget_type=\"text-editor.default\">\n\t\t\t\t\t\t\t\t\t<p><span style=\"font-weight: 400;\">M\u00f9a h\u00e8 n\u0103m 2020, gi\u1ea5c m\u01a1 c\u1ee7a t\u00f4i \u0111\u00e3 th\u00e0nh hi\u1ec7n th\u1ef1c v\u1edbi nh\u00e0 h\u00e0ng \u0111\u1ea7u ti\u00ean, Ch\u00e0o B\u1ea1n, t\u1ecda l\u1ea1c t\u1ea1i ph\u1ed1 T\u00f4 Ng\u1ecdc V\u00e2n, T\u00e2y H\u1ed3 &#8211; m\u1ed9t khu ph\u1ed1 duy\u00ean d\u00e1ng \u0111\u01b0\u1ee3c nhi\u1ec1u ng\u01b0\u1eddi n\u01b0\u1edbc ngo\u00e0i y\u00eau th\u00edch. Khi Ch\u00e0o B\u1ea1n ng\u00e0y c\u00e0ng ph\u00e1t tri\u1ec3n v\u1edbi l\u01b0\u1ee3ng kh\u00e1ch h\u00e0ng trung th\u00e0nh v\u00e0 ho\u1ea1t \u0111\u1ed9ng \u1ed5n \u0111\u1ecbnh, v\u00e0o th\u00e1ng 6 n\u0103m 2023, t\u00f4i \u0111\u00e3 khai tr\u01b0\u01a1ng nh\u00e0 h\u00e0ng th\u1ee9 hai: Maison 1929, t\u1ecda l\u1ea1c t\u1ea1i s\u1ed1 2 C\u1eeda \u0110\u00f4ng, Ho\u00e0n Ki\u1ebfm, H\u00e0 N\u1ed9i. \u0110\u1ecba \u0111i\u1ec3m th\u1ee9 hai n\u00e0y c\u00f3 nhi\u1ec1u ch\u1ed7 ng\u1ed3i h\u01a1n, v\u1ecb tr\u00ed trung t\u00e2m v\u00e0 th\u1ef1c \u0111\u01a1n phong ph\u00fa h\u01a1n cho kh\u00e1ch h\u00e0ng.  <\/span><\/p>\t\t\t\t\t\t\t\t<\/div>\n\t\t\t\t<div class=\"elementor-element elementor-element-af5cd04 elementor-widget elementor-widget-text-editor\" data-id=\"af5cd04\" data-element_type=\"widget\" data-widget_type=\"text-editor.default\">\n\t\t\t\t\t\t\t\t\t<p><span style=\"font-weight: 400;\">Ch\u1ec9 sau hai n\u0103m ho\u1ea1t \u0111\u1ed9ng, \u0111\u1ebfn th\u00e1ng 6 n\u0103m 2025, Maison 1929 \u0111\u00e3 tr\u1edf th\u00e0nh \u0111i\u1ec3m \u0111\u1ebfn y\u00eau th\u00edch c\u1ee7a du kh\u00e1ch t\u1eeb c\u00e1c kh\u00e1ch s\u1ea1n 3, 4 v\u00e0 5 sao tr\u00ean kh\u1eafp H\u00e0 N\u1ed9i. Ch\u00fang t\u00f4i r\u1ea5t vinh d\u1ef1 \u0111\u01b0\u1ee3c Michelin Guide b\u00ecnh ch\u1ecdn trong hai n\u0103m li\u00ean ti\u1ebfp: Michelin Selected 2024 v\u00e0 Michelin Selected 2025. S\u1ef1 c\u00f4ng nh\u1eadn n\u00e0y l\u00e0 ngu\u1ed3n \u0111\u1ed9ng l\u1ef1c to l\u1edbn cho t\u00f4i, c\u00f4ng ty t\u00f4i v\u00e0 \u0111\u1ed9i ng\u0169 t\u1eadn t\u00e2m c\u1ee7a ch\u00fang t\u00f4i.  <\/span><\/p>\t\t\t\t\t\t\t\t<\/div>\n\t\t\t\t<div class=\"elementor-element elementor-element-cbe02de elementor-widget elementor-widget-text-editor\" data-id=\"cbe02de\" data-element_type=\"widget\" data-widget_type=\"text-editor.default\">\n\t\t\t\t\t\t\t\t\t<p><span style=\"font-weight: 400;\">Ch\u1ec9 trong n\u0103m n\u0103m, t\u1ea1i hai nh\u00e0 h\u00e0ng, t\u00f4i \u0111\u00e3 gi\u1edbi thi\u1ec7u h\u01a1n 40 m\u00f3n \u0103n Vi\u1ec7t Nam \u0111\u1ebfn th\u1ef1c kh\u00e1ch kh\u1eafp n\u01a1i tr\u00ean th\u1ebf gi\u1edbi. Tuy nhi\u00ean, v\u1eabn c\u00f2n v\u00f4 v\u00e0n nh\u1eefng b\u00e1u v\u1eadt \u1ea9m th\u1ef1c Vi\u1ec7t Nam m\u00e0 t\u00f4i mu\u1ed1n chia s\u1ebb &#8211; m\u1ed7i m\u00f3n \u0111\u1ec1u c\u00f3 c\u00e2u chuy\u1ec7n, h\u01b0\u01a1ng v\u1ecb v\u00e0 ngh\u1ec7 thu\u1eadt ri\u00eang. H\u00e0nh tr\u00ecnh n\u00e0y c\u00f2n l\u00e2u m\u1edbi k\u1ebft th\u00fac.  <\/span><\/p>\t\t\t\t\t\t\t\t<\/div>\n\t\t\t\t<div class=\"elementor-element elementor-element-0ffbd2d elementor-widget elementor-widget-text-editor\" data-id=\"0ffbd2d\" data-element_type=\"widget\" data-widget_type=\"text-editor.default\">\n\t\t\t\t\t\t\t\t\t<p><span style=\"font-weight: 400;\">T\u00f4i n\u1ed3ng nhi\u1ec7t ch\u00e0o \u0111\u00f3n b\u1ea1n \u0111\u1ebfn th\u0103m Ch\u00e0o B\u1ea1n t\u1ea1i Villa 28, Ng\u00f5 11 T\u00f4 Ng\u1ecdc V\u00e2n, T\u00e2y H\u1ed3, H\u00e0 N\u1ed9i v\u00e0 Maison 1929 t\u1ea1i s\u1ed1 2 C\u1eeda \u0110\u00f4ng, Ho\u00e0n Ki\u1ebfm, H\u00e0 N\u1ed9i, hai ng\u00f4i nh\u00e0 \u1ea5m c\u00fang n\u01a1i b\u1ea1n c\u00f3 th\u1ec3 tr\u1ea3i nghi\u1ec7m b\u1ea3n ch\u1ea5t \u0111\u00edch th\u1ef1c c\u1ee7a Vi\u1ec7t Nam.<\/span><span style=\"font-weight: 400;\"><br><\/span><\/p><p><span style=\"font-weight: 400;\">B\u1ea1n \u0111\u00e3 s\u1eb5n s\u00e0ng kh\u00e1m ph\u00e1 h\u01b0\u01a1ng v\u1ecb Vi\u1ec7t Nam ch\u01b0a?<\/span><\/p>\t\t\t\t\t\t\t\t<\/div>\n\t\t\t\t<\/div>\n\t\t\t\t<\/div>\n\t\t\t\t\t<\/div>\n\t\t\t\t<\/div>\n\t\t\t\t<\/div>\n\t\t\n    <div class=\"xs_social_share_widget xs_share_url after_content \t\tmain_content  wslu-style-1 wslu-share-box-shaped wslu-fill-colored wslu-none wslu-share-horizontal wslu-theme-font-no wslu-main_content\">\n\n\t\t\n        <ul>\n\t\t\t        <\/ul>\n    <\/div> \n","protected":false},"excerpt":{"rendered":"<p>Vincent Cao Minh Page T\u00f4i l\u00e0 Vincent Cao Minh Page, m\u1ed9t ng\u01b0\u1eddi con lai Vi\u1ec7t \u2013 Ph\u00e1p. Sinh ra v\u00e0 l\u1edbn l\u00ean \u1edf Paris, nh\u01b0ng ngay t\u1eeb nh\u1ecf t\u00f4i \u0111\u00e3 \u0111\u01b0\u1ee3c nu\u00f4i d\u01b0\u1ee1ng trong h\u01b0\u01a1ng v\u1ecb mo\u0301n \u0103n cu\u0300ng v\u0103n h\u00f3a Vi\u1ec7t t\u01b0\u0300 m\u1eb9 v\u00e0 h\u1ecd h\u00e0ng b\u00ean ngo\u1ea1i. H\u00ecnh \u1ea3nh Vi\u1ec7t Nam trong t\u00f4i tr\u1edf n\u00ean r\u00f5 n\u00e9t h\u01a1n [&hellip;]<\/p>\n","protected":false},"author":1,"featured_media":0,"parent":0,"menu_order":3,"comment_status":"closed","ping_status":"closed","template":"elementor_header_footer","meta":{"footnotes":""},"class_list":["post-644","page","type-page","status-publish","hentry"],"aioseo_notices":[],"_links":{"self":[{"href":"https:\/\/maison1929hanoi.com\/vi\/wp-json\/wp\/v2\/pages\/644","targetHints":{"allow":["GET"]}}],"collection":[{"href":"https:\/\/maison1929hanoi.com\/vi\/wp-json\/wp\/v2\/pages"}],"about":[{"href":"https:\/\/maison1929hanoi.com\/vi\/wp-json\/wp\/v2\/types\/page"}],"author":[{"embeddable":true,"href":"https:\/\/maison1929hanoi.com\/vi\/wp-json\/wp\/v2\/users\/1"}],"replies":[{"embeddable":true,"href":"https:\/\/maison1929hanoi.com\/vi\/wp-json\/wp\/v2\/comments?post=644"}],"version-history":[{"count":7,"href":"https:\/\/maison1929hanoi.com\/vi\/wp-json\/wp\/v2\/pages\/644\/revisions"}],"predecessor-version":[{"id":735,"href":"https:\/\/maison1929hanoi.com\/vi\/wp-json\/wp\/v2\/pages\/644\/revisions\/735"}],"wp:attachment":[{"href":"https:\/\/maison1929hanoi.com\/vi\/wp-json\/wp\/v2\/media?parent=644"}],"curies":[{"name":"wp","href":"https:\/\/api.w.org\/{rel}","templated":true}]}}