{"id":558,"date":"2025-06-10T11:06:23","date_gmt":"2025-06-10T04:06:23","guid":{"rendered":"https:\/\/maison1929hanoi.com\/maison-1929\/"},"modified":"2025-12-05T09:29:55","modified_gmt":"2025-12-05T02:29:55","slug":"maison-1929","status":"publish","type":"page","link":"https:\/\/maison1929hanoi.com\/vi\/maison-1929\/","title":{"rendered":"Maison 1929"},"content":{"rendered":"\t\t<div data-elementor-type=\"wp-page\" data-elementor-id=\"558\" class=\"elementor elementor-558 elementor-72\" data-elementor-post-type=\"page\">\n\t\t\t\t<div class=\"elementor-element elementor-element-b4792fa elementor-hidden-mobile e-flex e-con-boxed e-con e-parent\" data-id=\"b4792fa\" data-element_type=\"container\" data-settings=\"{&quot;background_background&quot;:&quot;classic&quot;}\">\n\t\t\t\t\t<div class=\"e-con-inner\">\n\t\t<div class=\"elementor-element elementor-element-b20fe11 e-con-full e-flex e-con e-child\" data-id=\"b20fe11\" data-element_type=\"container\">\n\t\t\t\t<\/div>\n\t\t\t\t\t<\/div>\n\t\t\t\t<\/div>\n\t\t<div class=\"elementor-element elementor-element-6f816de e-flex e-con-boxed e-con e-parent\" data-id=\"6f816de\" data-element_type=\"container\" data-settings=\"{&quot;background_background&quot;:&quot;classic&quot;}\">\n\t\t\t\t\t<div class=\"e-con-inner\">\n\t\t<div class=\"elementor-element elementor-element-e8de892 e-grid e-con-full e-con e-child\" data-id=\"e8de892\" data-element_type=\"container\">\n\t\t\t\t<div class=\"elementor-element elementor-element-ceb8a2a elementor-widget elementor-widget-image\" data-id=\"ceb8a2a\" data-element_type=\"widget\" data-widget_type=\"image.default\">\n\t\t\t\t\t\t\t\t\t\t\t\t\t\t\t<img fetchpriority=\"high\" decoding=\"async\" width=\"2560\" height=\"1920\" src=\"https:\/\/maison1929hanoi.com\/wp-content\/uploads\/2025\/11\/IMG_7158-scaled.webp\" class=\"attachment-full size-full wp-image-516\" alt=\"\" srcset=\"https:\/\/maison1929hanoi.com\/wp-content\/uploads\/2025\/11\/IMG_7158-scaled.webp 2560w, https:\/\/maison1929hanoi.com\/wp-content\/uploads\/2025\/11\/IMG_7158-300x225.webp 300w, https:\/\/maison1929hanoi.com\/wp-content\/uploads\/2025\/11\/IMG_7158-1024x768.webp 1024w, https:\/\/maison1929hanoi.com\/wp-content\/uploads\/2025\/11\/IMG_7158-768x576.webp 768w, https:\/\/maison1929hanoi.com\/wp-content\/uploads\/2025\/11\/IMG_7158-1536x1152.webp 1536w, https:\/\/maison1929hanoi.com\/wp-content\/uploads\/2025\/11\/IMG_7158-2048x1536.webp 2048w, https:\/\/maison1929hanoi.com\/wp-content\/uploads\/2025\/11\/IMG_7158-80x60.webp 80w\" sizes=\"(max-width: 2560px) 100vw, 2560px\" \/>\t\t\t\t\t\t\t\t\t\t\t\t\t\t\t<\/div>\n\t\t<div class=\"elementor-element elementor-element-b1f46c1 e-con-full e-flex e-con e-child\" data-id=\"b1f46c1\" data-element_type=\"container\">\n\t\t\t\t<div class=\"elementor-element elementor-element-baa6328 elementor-widget elementor-widget-heading\" data-id=\"baa6328\" data-element_type=\"widget\" data-widget_type=\"heading.default\">\n\t\t\t\t\t<h2 class=\"elementor-heading-title elementor-size-default\">C\u00e2u chuy\u1ec7n Maison 1929<\/h2>\t\t\t\t<\/div>\n\t\t\t\t<div class=\"elementor-element elementor-element-133fa88 elementor-widget elementor-widget-text-editor\" data-id=\"133fa88\" data-element_type=\"widget\" data-widget_type=\"text-editor.default\">\n\t\t\t\t\t\t\t\t\t<p><span style=\"font-weight: 400;\">Tha\u0301ng 6\/2023, sau g\u00e2\u0300n n\u01b0\u0309a n\u0103m kha\u0309o sa\u0301t, chu\u00e2\u0309n bi\u0323, Vincent Cao Minh Page v\u00e0 c\u00e1c c\u1ed9ng s\u1ef1 chi\u0301nh th\u01b0\u0301c ra m\u0103\u0301t nha\u0300 ha\u0300ng Maison 1929 ta\u0323i s\u00f4\u0301 2 C\u01b0\u0309a \u0110\u00f4ng, Ho\u00e0n Ki\u1ebfm, Ha\u0300 N\u00f4\u0323i.<br><\/span><\/p>\t\t\t\t\t\t\t\t<\/div>\n\t\t\t\t<div class=\"elementor-element elementor-element-8f527e3 elementor-widget elementor-widget-text-editor\" data-id=\"8f527e3\" data-element_type=\"widget\" data-widget_type=\"text-editor.default\">\n\t\t\t\t\t\t\t\t\t<p><span style=\"font-weight: 400;\">Nha\u0300 ha\u0300ng g\u00e2y \u00e2\u0301n t\u01b0\u01a1\u0323ng v\u01a1\u0301i th\u01b0\u0323c kha\u0301ch ngay t\u01b0\u0300 ca\u0301i nhi\u0300n \u0111\u00e2\u0300u ti\u00ean v\u01a1\u0301i m\u00f4\u0323t c\u0103n nha\u0300 c\u00f4\u0309 sang tr\u1ecdng, \u1ea5m c\u00fang \u1edf v\u1ecb tr\u00ed tuy\u1ec7t \u0111\u1eb9p ng\u00e3 n\u0103m C\u01b0\u0309a \u0110\u00f4ng &#8211; Ha\u0300ng Ga\u0300 &#8211; H\u00e0ng Ph\u00e8n &#8211; H\u00e0ng \u0110i\u1ebfu &#8211; Nh\u00e0 Ho\u0309a. Kh\u00f4ng gian b\u00ean trong nha\u0300 ha\u0300ng g\u00f4\u0300m 2 t\u00e2\u0300ng \u0111\u01b0\u01a1\u0323c thi\u00ea\u0301t k\u00ea\u0301 ti\u0309 mi\u0309 v\u01a1\u0301i n\u00f4\u0323i th\u00e2\u0301t g\u00f4\u0303, l\u1ee5a, g\u1ea1ch, g\u1ed1m.. cu\u0300ng ca\u0301c b\u01b0\u0301c tranh ngh\u1ec7 thu\u1eadt mang \u0111\u1eadm v\u0103n ho\u0301a Vi\u00ea\u0323t Nam, mang l\u1ea1i ca\u0309m gia\u0301c thoa\u0309i ma\u0301i, \u00e2\u0301m cu\u0301ng cho m\u00f4\u0303i vi\u0323 kha\u0301ch ghe\u0301 th\u0103m.<\/span><\/p>\t\t\t\t\t\t\t\t<\/div>\n\t\t\t\t<div class=\"elementor-element elementor-element-8f6348d elementor-widget elementor-widget-text-editor\" data-id=\"8f6348d\" data-element_type=\"widget\" data-widget_type=\"text-editor.default\">\n\t\t\t\t\t\t\t\t\t<p><span style=\"font-weight: 400;\">Ta\u0323i Maison 1929, ca\u0301c th\u01b0\u0323c kha\u0301ch v\u01b0\u0300a co\u0301 th\u00ea\u0309 t\u00e2\u0323n h\u01b0\u01a1\u0309ng b\u00e2\u0300u kh\u00f4ng khi\u0301 s\u00f4i \u0111\u00f4\u0323ng \u0111\u0103\u0323c tr\u01b0ng cu\u0309a Ph\u00f4\u0301 C\u00f4\u0309 Ha\u0300 N\u00f4\u0323i, v\u01b0\u0300a th\u01b0\u01a1\u0309ng th\u01b0\u0301c h\u01b0\u01a1ng vi\u0323 \u0111\u0103\u0323c s\u0103\u0301c cu\u0309a ca\u0301c mo\u0301n \u0103n n\u00f4\u0309i b\u00e2\u0323t \u0111\u00ea\u0301n t\u01b0\u0300 ba mi\u00ea\u0300n B\u0103\u0301c, Trung, Nam Vi\u00ea\u0323t Nam v\u00e0 nh\u1eefng m\u00f3n \u0111\u1eb7c bi\u1ec7t \u0111\u01b0\u1ee3c t\u1ea1o ra b\u1edfi b\u1ebfp tr\u01b0\u1edfng &#8211; nh\u00e0 s\u00e1ng l\u1eadp Vincent Cao Minh Page.<\/span><\/p>\t\t\t\t\t\t\t\t<\/div>\n\t\t\t\t<\/div>\n\t\t\t\t<\/div>\n\t\t<div class=\"elementor-element elementor-element-3b38365 e-grid e-con-full e-con e-child\" data-id=\"3b38365\" data-element_type=\"container\">\n\t\t<div class=\"elementor-element elementor-element-b45dea6 e-con-full e-flex e-con e-child\" data-id=\"b45dea6\" data-element_type=\"container\">\n\t\t\t\t<div class=\"elementor-element elementor-element-efbbfdc elementor-widget elementor-widget-heading\" data-id=\"efbbfdc\" data-element_type=\"widget\" data-widget_type=\"heading.default\">\n\t\t\t\t\t<h2 class=\"elementor-heading-title elementor-size-default\">Tha\u0300nh t\u01b0\u0323u cu\u0309a Maison 1929<\/h2>\t\t\t\t<\/div>\n\t\t\t\t<div class=\"elementor-element elementor-element-9c4c118 elementor-widget elementor-widget-text-editor\" data-id=\"9c4c118\" data-element_type=\"widget\" data-widget_type=\"text-editor.default\">\n\t\t\t\t\t\t\t\t\t<p><span style=\"font-weight: 400;\">Ngay t\u01b0\u0300 nh\u01b0\u0303ng nga\u0300y \u0111\u00e2\u0300u m\u01a1\u0309 c\u01b0\u0309a \u0111o\u0301n kha\u0301ch, Maison 1929 \u0111a\u0303 nh\u00e2\u0323n \u0111\u01b0\u01a1\u0323c s\u01b0\u0323 u\u0309ng h\u00f4\u0323 nhi\u00ea\u0323t ti\u0300nh t\u01b0\u0300 ca\u0301c th\u01b0\u0323c kha\u0301ch ta\u0323i Ha\u0300 N\u00f4\u0323i cu\u0303ng nh\u01b0 ca\u0301c vi\u0323 kha\u0301ch du li\u0323ch \u0111am m\u00ea \u00e2\u0309m th\u01b0\u0323c Vi\u00ea\u0323t. Nha\u0300 ha\u0300ng nhanh cho\u0301ng \u0111\u01b0\u01a1\u0323c ca\u0301c th\u01b0\u0323c kha\u0301ch gi\u01a1\u0301i thi\u00ea\u0323u, \u0111\u00ea\u0300 c\u01b0\u0309 tr\u00ean ca\u0301c website, di\u00ea\u0303n \u0111a\u0300n du li\u0323ch, \u00e2\u0309m th\u01b0\u0323c t\u1eeb kh\u1eafp n\u01a1i tr\u00ean th\u1ebf gi\u1edbi b\u01a1\u0309i kh\u00f4ng gian \u00e2\u0301m cu\u0301ng pha gi\u1eefa v\u0103n ho\u00e1 b\u1ea3n \u0111\u1ecba v\u00e0 ki\u1ebfn tr\u00fac Ph\u00e1p gi\u1eefa l\u00f2ng ph\u1ed1 c\u1ed5 H\u00e0 N\u1ed9i cu\u0300ng ca\u0301c mo\u0301n \u0103n Vi\u00ea\u0323t Nam truy\u00ea\u0300n th\u00f4\u0301ng va\u0300 \u0111\u01b0\u01a1ng \u0111a\u0323i \u0111\u01b0\u01a1\u0323c ch\u00ea\u0301 bi\u00ea\u0301n ti\u0309 mi\u0309 v\u01a1\u0301i h\u01b0\u01a1ng vi\u0323 \u0111\u0103\u0323c s\u0103\u0301c.<\/span><\/p>\t\t\t\t\t\t\t\t<\/div>\n\t\t\t\t<div class=\"elementor-element elementor-element-6836143 elementor-widget elementor-widget-text-editor\" data-id=\"6836143\" data-element_type=\"widget\" data-widget_type=\"text-editor.default\">\n\t\t\t\t\t\t\t\t\t<p><span style=\"font-weight: 400;\">Kh\u00f4ng d\u01b0\u0300ng la\u0323i \u01a1\u0309 \u0111o\u0301, trong li\u00ean ti\u00ea\u0301p hai n\u0103m 2024 va\u0300 2025, nh\u00e0 h\u00e0ng Maison 1929 \u0111\u01b0\u01a1\u0323c Michelin Guide vinh danh trong ha\u0323ng mu\u0323c Michelin Selected (nha\u0300 ha\u0300ng co\u0301 ch\u1ea5t l\u01b0\u1ee3ng m\u00f3n \u0103n cao, k\u1ef9 thu\u1eadt n\u1ea5u \u0103n t\u1ed1t, s\u01b0\u0323 c\u00e2n b\u0103\u0300ng h\u01b0\u01a1ng vi\u0323, ca\u0301 ti\u0301nh \u0111\u00e2\u0300u b\u00ea\u0301p v\u00e0 s\u1ef1 nh\u1ea5t qu\u00e1n theo th\u01a1\u0300i gian), kh\u0103\u0309ng \u0111i\u0323nh vi\u0323 th\u00ea\u0301 m\u01a1\u0301i cu\u0309a nha\u0300 ha\u0300ng trong nga\u0300nh \u00e2\u0309m th\u01b0\u0323c Vi\u00ea\u0323t Nam. kh\u0103\u0309ng \u0111i\u0323nh vi\u0323 th\u00ea\u0301 m\u01a1\u0301i cu\u0309a nha\u0300 ha\u0300ng trong nga\u0300nh \u00e2\u0309m th\u01b0\u0323c Vi\u00ea\u0323t Nam.<\/span><\/p>\t\t\t\t\t\t\t\t<\/div>\n\t\t\t\t<\/div>\n\t\t\t\t<div class=\"elementor-element elementor-element-bb8e9cc elementor-widget elementor-widget-image\" data-id=\"bb8e9cc\" data-element_type=\"widget\" data-widget_type=\"image.default\">\n\t\t\t\t\t\t\t\t\t\t\t\t\t\t\t<img decoding=\"async\" width=\"2560\" height=\"1749\" src=\"https:\/\/maison1929hanoi.com\/wp-content\/uploads\/2025\/12\/Chao-Ban_1563-scaled.jpg\" class=\"attachment-full size-full wp-image-1046\" alt=\"\" srcset=\"https:\/\/maison1929hanoi.com\/wp-content\/uploads\/2025\/12\/Chao-Ban_1563-scaled.jpg 2560w, https:\/\/maison1929hanoi.com\/wp-content\/uploads\/2025\/12\/Chao-Ban_1563-300x205.jpg 300w, https:\/\/maison1929hanoi.com\/wp-content\/uploads\/2025\/12\/Chao-Ban_1563-1024x700.jpg 1024w, https:\/\/maison1929hanoi.com\/wp-content\/uploads\/2025\/12\/Chao-Ban_1563-768x525.jpg 768w, https:\/\/maison1929hanoi.com\/wp-content\/uploads\/2025\/12\/Chao-Ban_1563-1536x1050.jpg 1536w, https:\/\/maison1929hanoi.com\/wp-content\/uploads\/2025\/12\/Chao-Ban_1563-2048x1399.jpg 2048w\" sizes=\"(max-width: 2560px) 100vw, 2560px\" \/>\t\t\t\t\t\t\t\t\t\t\t\t\t\t\t<\/div>\n\t\t\t\t<\/div>\n\t\t<div class=\"elementor-element elementor-element-061a16c e-grid e-con-full e-con e-child\" data-id=\"061a16c\" data-element_type=\"container\">\n\t\t\t\t<div class=\"elementor-element elementor-element-098a875 elementor-widget elementor-widget-gallery\" data-id=\"098a875\" data-element_type=\"widget\" data-settings=\"{&quot;columns&quot;:2,&quot;gap&quot;:{&quot;unit&quot;:&quot;px&quot;,&quot;size&quot;:0,&quot;sizes&quot;:[]},&quot;aspect_ratio&quot;:&quot;1:1&quot;,&quot;lazyload&quot;:&quot;yes&quot;,&quot;gallery_layout&quot;:&quot;grid&quot;,&quot;columns_tablet&quot;:2,&quot;columns_mobile&quot;:1,&quot;gap_tablet&quot;:{&quot;unit&quot;:&quot;px&quot;,&quot;size&quot;:10,&quot;sizes&quot;:[]},&quot;gap_mobile&quot;:{&quot;unit&quot;:&quot;px&quot;,&quot;size&quot;:10,&quot;sizes&quot;:[]},&quot;overlay_background&quot;:&quot;yes&quot;,&quot;content_hover_animation&quot;:&quot;fade-in&quot;}\" data-widget_type=\"gallery.default\">\n\t\t\t\t\t\t\t<div class=\"elementor-gallery__container\">\n\t\t\t\t\t\t\t<div class=\"e-gallery-item elementor-gallery-item elementor-animated-content\">\n\t\t\t\t\t<div class=\"e-gallery-image elementor-gallery-item__image\" data-thumbnail=\"https:\/\/maison1929hanoi.com\/wp-content\/uploads\/2025\/11\/IMG_2827-scaled.webp\" data-width=\"2560\" data-height=\"2560\" aria-label=\"Food\" role=\"img\" ><\/div>\n\t\t\t\t\t\t\t\t\t\t\t<div class=\"elementor-gallery-item__overlay\"><\/div>\n\t\t\t\t\t\t\t\t\t\t\t\t\t\t<\/div>\n\t\t\t\t\t\t\t<div class=\"e-gallery-item elementor-gallery-item elementor-animated-content\">\n\t\t\t\t\t<div class=\"e-gallery-image elementor-gallery-item__image\" data-thumbnail=\"https:\/\/maison1929hanoi.com\/wp-content\/uploads\/2025\/11\/IMG_2836-scaled.webp\" data-width=\"2560\" data-height=\"2560\" aria-label=\"Food\" role=\"img\" ><\/div>\n\t\t\t\t\t\t\t\t\t\t\t<div class=\"elementor-gallery-item__overlay\"><\/div>\n\t\t\t\t\t\t\t\t\t\t\t\t\t\t<\/div>\n\t\t\t\t\t\t\t<div class=\"e-gallery-item elementor-gallery-item elementor-animated-content\">\n\t\t\t\t\t<div class=\"e-gallery-image elementor-gallery-item__image\" data-thumbnail=\"https:\/\/maison1929hanoi.com\/wp-content\/uploads\/2025\/11\/IMG_2820-scaled.webp\" data-width=\"2560\" data-height=\"2560\" aria-label=\"Food\" role=\"img\" ><\/div>\n\t\t\t\t\t\t\t\t\t\t\t<div class=\"elementor-gallery-item__overlay\"><\/div>\n\t\t\t\t\t\t\t\t\t\t\t\t\t\t<\/div>\n\t\t\t\t\t\t\t<div class=\"e-gallery-item elementor-gallery-item elementor-animated-content\">\n\t\t\t\t\t<div class=\"e-gallery-image elementor-gallery-item__image\" data-thumbnail=\"https:\/\/maison1929hanoi.com\/wp-content\/uploads\/2025\/11\/IMG_2816-scaled.webp\" data-width=\"2560\" data-height=\"2560\" aria-label=\"\" role=\"img\" ><\/div>\n\t\t\t\t\t\t\t\t\t\t\t<div class=\"elementor-gallery-item__overlay\"><\/div>\n\t\t\t\t\t\t\t\t\t\t\t\t\t\t<\/div>\n\t\t\t\t\t<\/div>\n\t\t\t\t\t<\/div>\n\t\t<div class=\"elementor-element elementor-element-55a5b7b e-con-full e-flex e-con e-child\" data-id=\"55a5b7b\" data-element_type=\"container\">\n\t\t\t\t<div class=\"elementor-element elementor-element-d349fa1 elementor-widget elementor-widget-heading\" data-id=\"d349fa1\" data-element_type=\"widget\" data-widget_type=\"heading.default\">\n\t\t\t\t\t<h2 class=\"elementor-heading-title elementor-size-default\">H\u01b0\u01a1ng vi\u0323 cu\u0309a Maison 1929<\/h2>\t\t\t\t<\/div>\n\t\t\t\t<div class=\"elementor-element elementor-element-c1914e8 elementor-widget elementor-widget-text-editor\" data-id=\"c1914e8\" data-element_type=\"widget\" data-widget_type=\"text-editor.default\">\n\t\t\t\t\t\t\t\t\t<p><span style=\"font-weight: 400;\">Ta\u0323i Maison 1929, ca\u0301c th\u01b0\u0323c kha\u0301ch co\u0301 th\u00ea\u0309 d\u00ea\u0303 da\u0300ng ti\u0300m th\u00e2\u0301y ca\u0301c mo\u0301n \u0103n \u0111\u0103\u0323c tr\u01b0ng \u0111\u00ea\u0301n t\u01b0\u0300 ba mi\u00ea\u0300n B\u0103\u0301c, Trung, Nam Vi\u00ea\u0323t Nam.<\/span><\/p>\t\t\t\t\t\t\t\t<\/div>\n\t\t\t\t<div class=\"elementor-element elementor-element-85444d2 elementor-widget elementor-widget-text-editor\" data-id=\"85444d2\" data-element_type=\"widget\" data-widget_type=\"text-editor.default\">\n\t\t\t\t\t\t\t\t\t<p><span style=\"font-weight: 400;\">M\u00f3n Nem Ha\u0300 N\u00f4\u0323i, Nem cua H\u1ea3i Ph\u00f2ng, N\u1ed9m \u0111u \u0111\u1ee7, N\u1ed9m hoa chu\u1ed1i g\u00e0, C\u00e1 kho, Th\u1ecbt ba ch\u1ec9 quay gi\u00f2n b\u00ec, Canh cua m\u00f9ng t\u01a1i\u2026 cu\u0309a mi\u00ea\u0300n B\u0103\u0301c. Nh\u01b0\u0303ng mo\u0301n \u0103n Vi\u00ea\u0323t Nam \u0111\u01b0\u01a1ng \u0111a\u0323i kh\u00e1c t\u1eeb Maison 1929 \u0111\u01b0\u01a1\u0323c nhi\u00ea\u0300u th\u01b0\u0323c kha\u0301ch cha\u0300o \u0111o\u0301n co\u0301 th\u00ea\u0309 k\u00ea\u0309 t\u01a1\u0301i nh\u01b0 \u01af\u0301c vi\u0323t xa\u0300o, S\u01b0\u01a1\u0300n heo n\u00e2\u0301u ch\u00e2\u0323m, Ca\u0301 che\u0303m a\u0301p cha\u0309o\u2026 Ca\u0301c mo\u0301n ha\u0309i sa\u0309n nh\u01b0 T\u00f4m n\u01b0\u01a1\u0301ng, M\u01b0\u0323c nh\u00f4\u0300i\u2026 cu\u0303ng tr\u01a1\u0309 tha\u0300nh s\u01b0\u0323 l\u01b0\u0323a cho\u0323n ha\u0300ng \u0111\u00e2\u0300u cho nh\u01b0\u0303ng b\u01b0\u0303a t\u00f4\u0301i thi vi\u0323. From the South, highlights include Pork in Caramel Sauce, Purple Yam Soup with Shrimp, and Bun Bo Nam Bo (Southern-style beef noodle soup).<\/span><\/p>\t\t\t\t\t\t\t\t<\/div>\n\t\t\t\t<div class=\"elementor-element elementor-element-6506624 elementor-widget elementor-widget-text-editor\" data-id=\"6506624\" data-element_type=\"widget\" data-widget_type=\"text-editor.default\">\n\t\t\t\t\t\t\t\t\t<p><span style=\"font-weight: 400;\">v\u00e0 nh\u1eefng m\u00f3n \u0111\u1eb7c bi\u1ec7t t\u1eeb b\u1ebfp tr\u01b0\u01a1\u0309ng Vincent Cao Minh Page nh\u01b0 C\u00e1 t\u1ea7m n\u01b0\u1edbng than hoa, Ch\u1ea3 c\u00e1 ng\u1ea7n\u2026<\/span><\/p>\t\t\t\t\t\t\t\t<\/div>\n\t\t\t\t<div class=\"elementor-element elementor-element-3d60136 elementor-widget elementor-widget-text-editor\" data-id=\"3d60136\" data-element_type=\"widget\" data-widget_type=\"text-editor.default\">\n\t\t\t\t\t\t\t\t\t<p><span style=\"font-weight: 400;\">Maison 1929 also offers a selection of modern Vietnamese creations, including Sauteed Sliced Duck Breast, Slow Cook Pork Ribs and Pan Fried Seabass. Popular seafood dishes like Grilled Prawns and Stuffed Squid with Pork are also among diners&#8217; top choices for a memorable evening meal.<\/span><\/p>\t\t\t\t\t\t\t\t<\/div>\n\t\t\t\t<div class=\"elementor-element elementor-element-b6990d4 elementor-widget elementor-widget-text-editor\" data-id=\"b6990d4\" data-element_type=\"widget\" data-widget_type=\"text-editor.default\">\n\t\t\t\t\t\t\t\t\t<p><span style=\"font-weight: 400;\">B\u00ean ca\u0323nh th\u01b0\u0323c \u0111\u01a1n A la carte v\u01a1\u0301i ca\u0301c mo\u0301n \u0103n \u0111a da\u0323ng, Maison 1929 co\u0300n phu\u0323c vu\u0323 Michelin Selected Tasting menu v\u01a1\u0301i 7 m\u00f3n ph\u1ee5c v\u1ee5 cho m\u1ed7i kh\u00e1ch, ca\u0301c mo\u0301n khai v\u1ecb, m\u00f3n ch\u00ednh va\u0300 mo\u0301n tra\u0301ng mi\u00ea\u0323ng \u0111\u0103\u0323c s\u0103\u0301c nh\u1ea5t t\u1eeb nh\u00e0 h\u00e0ng, mang \u0111\u00ea\u0301n nh\u01b0\u0303ng tra\u0309i nghi\u00ea\u0323m vi\u0323 gia\u0301c \u0111a\u0301ng nh\u01a1\u0301 cho ca\u0301c th\u01b0\u0323c kha\u0301ch. Menu Tasting c\u0169ng \u0111\u01b0\u1ee3c b\u1ebfp tr\u01b0\u1edfng Vincent Cao Minh Page kh\u00e9o l\u00e9o k\u1ebft h\u1ee3p v\u1edbi c\u00e1c lo\u1ea1i r\u01b0\u1ee3u vang sparkling, vang tr\u1eafng, vang \u0111\u1ecf, \u0111\u1ec3 tr\u1ea3i nghi\u1ec7m c\u1ee7a th\u1ef1c kh\u00e1ch th\u00eam tr\u1ecdn v\u1eb9n.<\/span><\/p>\t\t\t\t\t\t\t\t<\/div>\n\t\t\t\t<\/div>\n\t\t\t\t<\/div>\n\t\t<div class=\"elementor-element elementor-element-4d625b4 e-grid e-con-full e-con e-child\" data-id=\"4d625b4\" data-element_type=\"container\">\n\t\t<div class=\"elementor-element elementor-element-6ade0b6 e-con-full e-flex e-con e-child\" data-id=\"6ade0b6\" data-element_type=\"container\">\n\t\t\t\t<div class=\"elementor-element elementor-element-074565f elementor-widget elementor-widget-heading\" data-id=\"074565f\" data-element_type=\"widget\" data-widget_type=\"heading.default\">\n\t\t\t\t\t<h2 class=\"elementor-heading-title elementor-size-default\">Di\u0323ch vu\u0323 cu\u0309a Maison<\/h2>\t\t\t\t<\/div>\n\t\t\t\t<div class=\"elementor-element elementor-element-b647cfb elementor-widget elementor-widget-text-editor\" data-id=\"b647cfb\" data-element_type=\"widget\" data-widget_type=\"text-editor.default\">\n\t\t\t\t\t\t\t\t\t<p><span style=\"font-weight: 400;\">B\u00ean ca\u0323nh vi\u00ea\u0323c ch\u00fa tr\u1ecdng h\u01b0\u01a1ng v\u1ecb ca\u0301c mo\u0301n \u0103n, ch\u00e2\u0301t l\u01b0\u01a1\u0323ng phu\u0323c vu\u0323 cu\u0309a Maison 1929 cu\u0303ng lu\u00f4n kh\u00f4ng ng\u01b0\u0300ng \u0111\u01b0\u01a1\u0323c n\u00e2ng cao. T\u01b0\u0300 kinh nghi\u00ea\u0323m h\u01a1n 10 n\u0103m qua\u0309n ly\u0301 ca\u0301c m\u00f4 hi\u0300nh nha\u0300 ha\u0300ng v\u01a1\u0301i quy m\u00f4 l\u00ean \u0111\u00ea\u0301n h\u01a1n 40 nh\u00e2n vi\u00ean, Vincent Cao Minh Page lu\u00f4n quan t\u00e2m \u0111a\u0300o ta\u0323o \u0111\u00f4\u0323i ngu\u0303 nh\u00e2n vi\u00ean nh\u0103\u0300m \u0111a\u0309m ba\u0309o mang \u0111\u00ea\u0301n nh\u01b0\u0303ng tra\u0309i nghi\u00ea\u0323m tuy\u00ea\u0323t v\u01a1\u0300i nh\u00e2\u0301t cho ca\u0301c th\u01b0\u0323c kha\u0301ch.<\/span><\/p>\t\t\t\t\t\t\t\t<\/div>\n\t\t\t\t<div class=\"elementor-element elementor-element-d123d6c elementor-widget elementor-widget-text-editor\" data-id=\"d123d6c\" data-element_type=\"widget\" data-widget_type=\"text-editor.default\">\n\t\t\t\t\t\t\t\t\t<p><span style=\"font-weight: 400;\">Nha\u0300 ha\u0300ng Maison 1929 ta\u0323i s\u00f4\u0301 2 C\u01b0\u0309a \u0110\u00f4ng, Ho\u00e0n Ki\u1ebfm, H\u00e0 N\u1ed9i lu\u00f4n cha\u0300o \u0111o\u0301n ca\u0301c th\u01b0\u0323c kha\u0301ch ghe\u0301 th\u0103m va\u0300 th\u01b0\u01a1\u0309ng th\u01b0\u0301c nh\u01b0\u0303ng mo\u0301n \u0103n Vi\u00ea\u0323t Nam \u0111\u0103\u0323c s\u0103\u0301c trong kh\u00f4ng gian \u00e2\u0301m cu\u0301ng v\u01a1\u0301i di\u0323ch vu\u0323 th\u00e2n thi\u00ea\u0323n.<\/span><\/p>\t\t\t\t\t\t\t\t<\/div>\n\t\t\t\t<\/div>\n\t\t\t\t<div class=\"elementor-element elementor-element-974461c elementor-widget elementor-widget-gallery\" data-id=\"974461c\" data-element_type=\"widget\" data-settings=\"{&quot;columns&quot;:2,&quot;gap&quot;:{&quot;unit&quot;:&quot;px&quot;,&quot;size&quot;:0,&quot;sizes&quot;:[]},&quot;aspect_ratio&quot;:&quot;1:1&quot;,&quot;lazyload&quot;:&quot;yes&quot;,&quot;gallery_layout&quot;:&quot;grid&quot;,&quot;columns_tablet&quot;:2,&quot;columns_mobile&quot;:1,&quot;gap_tablet&quot;:{&quot;unit&quot;:&quot;px&quot;,&quot;size&quot;:10,&quot;sizes&quot;:[]},&quot;gap_mobile&quot;:{&quot;unit&quot;:&quot;px&quot;,&quot;size&quot;:10,&quot;sizes&quot;:[]},&quot;overlay_background&quot;:&quot;yes&quot;,&quot;content_hover_animation&quot;:&quot;fade-in&quot;}\" data-widget_type=\"gallery.default\">\n\t\t\t\t\t\t\t<div class=\"elementor-gallery__container\">\n\t\t\t\t\t\t\t<div class=\"e-gallery-item elementor-gallery-item elementor-animated-content\">\n\t\t\t\t\t<div class=\"e-gallery-image elementor-gallery-item__image\" data-thumbnail=\"https:\/\/maison1929hanoi.com\/wp-content\/uploads\/2025\/11\/Chao-Ban_1689.webp\" data-width=\"6336\" data-height=\"9504\" aria-label=\"Atmosphere Inside\" role=\"img\" ><\/div>\n\t\t\t\t\t\t\t\t\t\t\t<div class=\"elementor-gallery-item__overlay\"><\/div>\n\t\t\t\t\t\t\t\t\t\t\t\t\t\t<\/div>\n\t\t\t\t\t\t\t<div class=\"e-gallery-item elementor-gallery-item elementor-animated-content\">\n\t\t\t\t\t<div class=\"e-gallery-image elementor-gallery-item__image\" data-thumbnail=\"https:\/\/maison1929hanoi.com\/wp-content\/uploads\/2025\/12\/Chao-Ban_1737-scaled.jpg\" data-width=\"1706\" data-height=\"2560\" aria-label=\"\" role=\"img\" ><\/div>\n\t\t\t\t\t\t\t\t\t\t\t<div class=\"elementor-gallery-item__overlay\"><\/div>\n\t\t\t\t\t\t\t\t\t\t\t\t\t\t<\/div>\n\t\t\t\t\t\t\t<div class=\"e-gallery-item elementor-gallery-item elementor-animated-content\">\n\t\t\t\t\t<div class=\"e-gallery-image elementor-gallery-item__image\" data-thumbnail=\"https:\/\/maison1929hanoi.com\/wp-content\/uploads\/2025\/12\/IMG_6864-1-scaled-1.jpg\" data-width=\"768\" data-height=\"1024\" aria-label=\"\" role=\"img\" ><\/div>\n\t\t\t\t\t\t\t\t\t\t\t<div class=\"elementor-gallery-item__overlay\"><\/div>\n\t\t\t\t\t\t\t\t\t\t\t\t\t\t<\/div>\n\t\t\t\t\t\t\t<div class=\"e-gallery-item elementor-gallery-item elementor-animated-content\">\n\t\t\t\t\t<div class=\"e-gallery-image elementor-gallery-item__image\" data-thumbnail=\"https:\/\/maison1929hanoi.com\/wp-content\/uploads\/2025\/12\/TPH08754-1-scaled-1.webp\" data-width=\"1707\" data-height=\"2560\" aria-label=\"\" role=\"img\" ><\/div>\n\t\t\t\t\t\t\t\t\t\t\t<div class=\"elementor-gallery-item__overlay\"><\/div>\n\t\t\t\t\t\t\t\t\t\t\t\t\t\t<\/div>\n\t\t\t\t\t<\/div>\n\t\t\t\t\t<\/div>\n\t\t\t\t<\/div>\n\t\t\t\t\t<\/div>\n\t\t\t\t<\/div>\n\t\t\t\t<\/div>\n\t\t\n    <div class=\"xs_social_share_widget xs_share_url after_content \t\tmain_content  wslu-style-1 wslu-share-box-shaped wslu-fill-colored wslu-none wslu-share-horizontal wslu-theme-font-no wslu-main_content\">\n\n\t\t\n        <ul>\n\t\t\t        <\/ul>\n    <\/div> \n","protected":false},"excerpt":{"rendered":"<p>C\u00e2u chuy\u1ec7n Maison 1929 Tha\u0301ng 6\/2023, sau g\u00e2\u0300n n\u01b0\u0309a n\u0103m kha\u0309o sa\u0301t, chu\u00e2\u0309n bi\u0323, Vincent Cao Minh Page v\u00e0 c\u00e1c c\u1ed9ng s\u1ef1 chi\u0301nh th\u01b0\u0301c ra m\u0103\u0301t nha\u0300 ha\u0300ng Maison 1929 ta\u0323i s\u00f4\u0301 2 C\u01b0\u0309a \u0110\u00f4ng, Ho\u00e0n Ki\u1ebfm, Ha\u0300 N\u00f4\u0323i. Nha\u0300 ha\u0300ng g\u00e2y \u00e2\u0301n t\u01b0\u01a1\u0323ng v\u01a1\u0301i th\u01b0\u0323c kha\u0301ch ngay t\u01b0\u0300 ca\u0301i nhi\u0300n \u0111\u00e2\u0300u ti\u00ean v\u01a1\u0301i m\u00f4\u0323t c\u0103n nha\u0300 c\u00f4\u0309 sang tr\u1ecdng, [&hellip;]<\/p>\n","protected":false},"author":1,"featured_media":0,"parent":0,"menu_order":2,"comment_status":"closed","ping_status":"closed","template":"elementor_header_footer","meta":{"footnotes":""},"class_list":["post-558","page","type-page","status-publish","hentry"],"aioseo_notices":[],"_links":{"self":[{"href":"https:\/\/maison1929hanoi.com\/vi\/wp-json\/wp\/v2\/pages\/558","targetHints":{"allow":["GET"]}}],"collection":[{"href":"https:\/\/maison1929hanoi.com\/vi\/wp-json\/wp\/v2\/pages"}],"about":[{"href":"https:\/\/maison1929hanoi.com\/vi\/wp-json\/wp\/v2\/types\/page"}],"author":[{"embeddable":true,"href":"https:\/\/maison1929hanoi.com\/vi\/wp-json\/wp\/v2\/users\/1"}],"replies":[{"embeddable":true,"href":"https:\/\/maison1929hanoi.com\/vi\/wp-json\/wp\/v2\/comments?post=558"}],"version-history":[{"count":12,"href":"https:\/\/maison1929hanoi.com\/vi\/wp-json\/wp\/v2\/pages\/558\/revisions"}],"predecessor-version":[{"id":1077,"href":"https:\/\/maison1929hanoi.com\/vi\/wp-json\/wp\/v2\/pages\/558\/revisions\/1077"}],"wp:attachment":[{"href":"https:\/\/maison1929hanoi.com\/vi\/wp-json\/wp\/v2\/media?parent=558"}],"curies":[{"name":"wp","href":"https:\/\/api.w.org\/{rel}","templated":true}]}}